{"id":835,"date":"2025-03-03T20:52:49","date_gmt":"2025-03-03T19:52:49","guid":{"rendered":"https:\/\/sialababakwiat.pl\/?page_id=835"},"modified":"2025-06-10T10:14:55","modified_gmt":"2025-06-10T08:14:55","slug":"program-lojalnosciowy","status":"publish","type":"page","link":"https:\/\/sialababakwiat.pl\/?page_id=835","title":{"rendered":"Program lojalno\u015bciowy"},"content":{"rendered":"\t\t<div data-elementor-type=\"wp-page\" data-elementor-id=\"835\" class=\"elementor elementor-835\" data-elementor-post-type=\"page\">\n\t\t\t\t\t\t<section data-particle_enable=\"false\" data-particle-mobile-disabled=\"false\" class=\"elementor-section elementor-top-section elementor-element elementor-element-6c2a05c elementor-section-full_width elementor-section-height-min-height elementor-section-height-default elementor-section-items-middle\" data-id=\"6c2a05c\" data-element_type=\"section\" data-settings=\"{&quot;background_background&quot;:&quot;classic&quot;}\">\n\t\t\t\t\t\t<div class=\"elementor-container elementor-column-gap-default\">\n\t\t\t\t\t<div class=\"elementor-column elementor-col-100 elementor-top-column elementor-element elementor-element-7f8be4d\" data-id=\"7f8be4d\" data-element_type=\"column\" data-settings=\"{&quot;background_background&quot;:&quot;classic&quot;}\">\n\t\t\t<div class=\"elementor-widget-wrap elementor-element-populated\">\n\t\t\t\t\t\t<div class=\"elementor-element elementor-element-a10e367 elementor-widget elementor-widget-spacer\" data-id=\"a10e367\" data-element_type=\"widget\" data-widget_type=\"spacer.default\">\n\t\t\t\t<div class=\"elementor-widget-container\">\n\t\t\t\t\t\t\t<div class=\"elementor-spacer\">\n\t\t\t<div class=\"elementor-spacer-inner\"><\/div>\n\t\t<\/div>\n\t\t\t\t\t\t<\/div>\n\t\t\t\t<\/div>\n\t\t\t\t<div class=\"elementor-element elementor-element-8af2327 elementor-widget elementor-widget-text-editor\" data-id=\"8af2327\" data-element_type=\"widget\" data-widget_type=\"text-editor.default\">\n\t\t\t\t<div class=\"elementor-widget-container\">\n\t\t\t\t\t\t\t\t\t<p>PROGRAM LOJALNO\u015aCIOWY<\/p>\t\t\t\t\t\t\t\t<\/div>\n\t\t\t\t<\/div>\n\t\t\t\t\t<\/div>\n\t\t<\/div>\n\t\t\t\t\t<\/div>\n\t\t<\/section>\n\t\t\t\t<section data-particle_enable=\"false\" data-particle-mobile-disabled=\"false\" class=\"elementor-section elementor-top-section elementor-element elementor-element-e814d2b elementor-section-boxed elementor-section-height-default elementor-section-height-default\" data-id=\"e814d2b\" data-element_type=\"section\" data-settings=\"{&quot;background_background&quot;:&quot;classic&quot;}\">\n\t\t\t\t\t\t<div class=\"elementor-container elementor-column-gap-default\">\n\t\t\t\t\t<div class=\"elementor-column elementor-col-33 elementor-top-column elementor-element elementor-element-289993c\" data-id=\"289993c\" data-element_type=\"column\" data-settings=\"{&quot;background_background&quot;:&quot;classic&quot;}\">\n\t\t\t<div class=\"elementor-widget-wrap elementor-element-populated\">\n\t\t\t\t\t\t<div class=\"elementor-element elementor-element-903a0e4 elementor-widget elementor-widget-spacer\" data-id=\"903a0e4\" data-element_type=\"widget\" data-widget_type=\"spacer.default\">\n\t\t\t\t<div class=\"elementor-widget-container\">\n\t\t\t\t\t\t\t<div class=\"elementor-spacer\">\n\t\t\t<div class=\"elementor-spacer-inner\"><\/div>\n\t\t<\/div>\n\t\t\t\t\t\t<\/div>\n\t\t\t\t<\/div>\n\t\t\t\t<div class=\"elementor-element elementor-element-2b2f7d0 elementor-widget elementor-widget-text-editor\" data-id=\"2b2f7d0\" data-element_type=\"widget\" data-widget_type=\"text-editor.default\">\n\t\t\t\t<div class=\"elementor-widget-container\">\n\t\t\t\t\t\t\t\t\t<p>PROGRAM LOJALNO\u015aCIOWY<\/p>\t\t\t\t\t\t\t\t<\/div>\n\t\t\t\t<\/div>\n\t\t\t\t<div class=\"elementor-element elementor-element-671a8d6 elementor-widget elementor-widget-text-editor\" data-id=\"671a8d6\" data-element_type=\"widget\" data-widget_type=\"text-editor.default\">\n\t\t\t\t<div class=\"elementor-widget-container\">\n\t\t\t\t\t\t\t\t\t<p>Do\u0142\u0105cz do naszego programu lojalno\u015bciowego i otrzymuj informacj\u0119 o wyj\u0105tkowych promocjach przeznaczonych <b>wy\u0142\u0105cznie<\/b> dla naszych sta\u0142ych klient\u00f3w.<\/p><p><span style=\"font-family: var( --e-global-typography-3422d1f-font-family ), Sans-serif; font-size: var( --e-global-typography-3422d1f-font-size ); text-transform: var( --e-global-typography-3422d1f-text-transform ); word-spacing: var( --e-global-typography-3422d1f-word-spacing );\">Program lojalno\u015bciowy to cz\u0119ste rabaty na kwiaty i produkty dost\u0119pne w naszym salonie.\u00a0<\/span><\/p><p><span style=\"font-family: var( --e-global-typography-3422d1f-font-family ), Sans-serif; font-size: var( --e-global-typography-3422d1f-font-size ); text-transform: var( --e-global-typography-3422d1f-text-transform ); word-spacing: var( --e-global-typography-3422d1f-word-spacing );\">DZI\u0118KUJEMY, \u017bE JESTE\u015a Z NAMI!\u00a0<\/span><\/p><p><b>MO\u017bLIWO\u015a\u0106 OTWARTEGO ZAPISU OGRANICZONA CZASOWO.<\/b><\/p>\t\t\t\t\t\t\t\t<\/div>\n\t\t\t\t<\/div>\n\t\t\t\t\t<\/div>\n\t\t<\/div>\n\t\t\t\t<div class=\"elementor-column elementor-col-33 elementor-top-column elementor-element elementor-element-6d54f3a\" data-id=\"6d54f3a\" data-element_type=\"column\" data-settings=\"{&quot;background_background&quot;:&quot;classic&quot;}\">\n\t\t\t<div class=\"elementor-widget-wrap\">\n\t\t\t\t\t\t\t<\/div>\n\t\t<\/div>\n\t\t\t\t<div class=\"elementor-column elementor-col-33 elementor-top-column elementor-element elementor-element-3128a5c\" data-id=\"3128a5c\" data-element_type=\"column\">\n\t\t\t<div class=\"elementor-widget-wrap elementor-element-populated\">\n\t\t\t\t\t\t<div class=\"elementor-element elementor-element-1228bfc elementor-widget elementor-widget-spacer\" data-id=\"1228bfc\" data-element_type=\"widget\" data-widget_type=\"spacer.default\">\n\t\t\t\t<div class=\"elementor-widget-container\">\n\t\t\t\t\t\t\t<div class=\"elementor-spacer\">\n\t\t\t<div class=\"elementor-spacer-inner\"><\/div>\n\t\t<\/div>\n\t\t\t\t\t\t<\/div>\n\t\t\t\t<\/div>\n\t\t\t\t<div class=\"elementor-element elementor-element-13450ad elementor-button-align-stretch elementor-widget elementor-widget-form\" data-id=\"13450ad\" data-element_type=\"widget\" data-settings=\"{&quot;step_next_label&quot;:&quot;Next&quot;,&quot;step_previous_label&quot;:&quot;Previous&quot;,&quot;button_width&quot;:&quot;100&quot;,&quot;step_type&quot;:&quot;number_text&quot;,&quot;step_icon_shape&quot;:&quot;circle&quot;}\" data-widget_type=\"form.default\">\n\t\t\t\t<div class=\"elementor-widget-container\">\n\t\t\t\t\t\t\t<form class=\"elementor-form\" method=\"post\" name=\"Program lojalno\u015bciowy\">\n\t\t\t<input type=\"hidden\" name=\"post_id\" value=\"835\"\/>\n\t\t\t<input type=\"hidden\" name=\"form_id\" value=\"13450ad\"\/>\n\t\t\t<input type=\"hidden\" name=\"referer_title\" value=\"Sia\u0142a Baba Kwiat\" \/>\n\n\t\t\t\n\t\t\t<div class=\"elementor-form-fields-wrapper elementor-labels-above\">\n\t\t\t\t\t\t\t\t<div class=\"elementor-field-type-text elementor-field-group elementor-column elementor-field-group-name elementor-col-100 elementor-field-required\">\n\t\t\t\t\t\t\t\t\t\t\t\t<label for=\"form-field-name\" class=\"elementor-field-label\">\n\t\t\t\t\t\t\t\tImi\u0119\t\t\t\t\t\t\t<\/label>\n\t\t\t\t\t\t\t\t\t\t\t\t\t\t<input size=\"1\" type=\"text\" name=\"form_fields[name]\" id=\"form-field-name\" class=\"elementor-field elementor-size-sm  elementor-field-textual\" placeholder=\"Imi\u0119\" required=\"required\">\n\t\t\t\t\t\t\t\t\t\t\t<\/div>\n\t\t\t\t\t\t\t\t<div class=\"elementor-field-type-text elementor-field-group elementor-column elementor-field-group-field_b67f7c6 elementor-col-100\">\n\t\t\t\t\t\t\t\t\t\t\t\t<label for=\"form-field-field_b67f7c6\" class=\"elementor-field-label\">\n\t\t\t\t\t\t\t\tNazwisko\t\t\t\t\t\t\t<\/label>\n\t\t\t\t\t\t\t\t\t\t\t\t\t\t<input size=\"1\" type=\"text\" name=\"form_fields[field_b67f7c6]\" id=\"form-field-field_b67f7c6\" class=\"elementor-field elementor-size-sm  elementor-field-textual\" placeholder=\"Nazwisko\">\n\t\t\t\t\t\t\t\t\t\t\t<\/div>\n\t\t\t\t\t\t\t\t<div class=\"elementor-field-type-select elementor-field-group elementor-column elementor-field-group-field_f7911a8 elementor-col-100 elementor-field-required\">\n\t\t\t\t\t\t\t\t\t\t\t\t<label for=\"form-field-field_f7911a8\" class=\"elementor-field-label\">\n\t\t\t\t\t\t\t\tP\u0142e\u0107\t\t\t\t\t\t\t<\/label>\n\t\t\t\t\t\t\t\t<div class=\"elementor-field elementor-select-wrapper remove-before \">\n\t\t\t<div class=\"select-caret-down-wrapper\">\n\t\t\t\t<i aria-hidden=\"true\" class=\"eicon-caret-down\"><\/i>\t\t\t<\/div>\n\t\t\t<select name=\"form_fields[field_f7911a8]\" id=\"form-field-field_f7911a8\" class=\"elementor-field-textual elementor-size-sm\" required=\"required\">\n\t\t\t\t\t\t\t\t\t<option value=\"Kobieta\">Kobieta<\/option>\n\t\t\t\t\t\t\t\t\t<option value=\"M\u0119\u017cczyzna\">M\u0119\u017cczyzna<\/option>\n\t\t\t\t\t\t\t\t\t<option value=\"Wol\u0119 nie podawa\u0107 \/ Inna\">Wol\u0119 nie podawa\u0107 \/ Inna<\/option>\n\t\t\t\t\t\t\t<\/select>\n\t\t<\/div>\n\t\t\t\t\t\t<\/div>\n\t\t\t\t\t\t\t\t<div class=\"elementor-field-type-email elementor-field-group elementor-column elementor-field-group-email elementor-col-100 elementor-field-required\">\n\t\t\t\t\t\t\t\t\t\t\t\t<label for=\"form-field-email\" class=\"elementor-field-label\">\n\t\t\t\t\t\t\t\tEmail\t\t\t\t\t\t\t<\/label>\n\t\t\t\t\t\t\t\t\t\t\t\t\t\t<input size=\"1\" type=\"email\" name=\"form_fields[email]\" id=\"form-field-email\" class=\"elementor-field elementor-size-sm  elementor-field-textual\" placeholder=\"Email\" required=\"required\">\n\t\t\t\t\t\t\t\t\t\t\t<\/div>\n\t\t\t\t\t\t\t\t<div class=\"elementor-field-type-tel elementor-field-group elementor-column elementor-field-group-field_aa7f312 elementor-col-100 elementor-field-required\">\n\t\t\t\t\t\t\t\t\t\t\t\t<label for=\"form-field-field_aa7f312\" class=\"elementor-field-label\">\n\t\t\t\t\t\t\t\tNumer telefonu\t\t\t\t\t\t\t<\/label>\n\t\t\t\t\t\t\t\t<input size=\"1\" type=\"tel\" name=\"form_fields[field_aa7f312]\" id=\"form-field-field_aa7f312\" class=\"elementor-field elementor-size-sm  elementor-field-textual\" placeholder=\"Numer telefonu\" required=\"required\" pattern=\"[0-9()#&amp;+*-=.]+\" title=\"Only numbers and phone characters (#, -, *, etc) are accepted.\">\n\n\t\t\t\t\t\t<\/div>\n\t\t\t\t\t\t\t\t<div class=\"elementor-field-type-acceptance elementor-field-group elementor-column elementor-field-group-field_5ae8978 elementor-col-100 elementor-field-required\">\n\t\t\t\t\t\t\t\t\t\t\t\t<label for=\"form-field-field_5ae8978\" class=\"elementor-field-label\">\n\t\t\t\t\t\t\t\tZgody marketingowe\t\t\t\t\t\t\t<\/label>\n\t\t\t\t\t\t\t\t<div class=\"elementor-field-subgroup\">\n\t\t\t<span class=\"elementor-field-option\">\n\t\t\t\t<input type=\"checkbox\" name=\"form_fields[field_5ae8978]\" id=\"form-field-field_5ae8978\" class=\"elementor-field elementor-size-sm  elementor-acceptance-field\" required=\"required\" checked=\"checked\">\n\t\t\t\t<label for=\"form-field-field_5ae8978\">Wyra\u017cam zgod\u0119 na otrzymywanie sporadycznych informacji o promocjach, kodach rabatowych przeznaczonych wy\u0142\u0105cznie dla sta\u0142ych klient\u00f3w. zgod\u0119 mo\u017cna wycofa\u0107.<\/label>\t\t\t<\/span>\n\t\t<\/div>\n\t\t\t\t\t\t<\/div>\n\t\t\t\t\t\t\t\t<div class=\"elementor-field-group elementor-column elementor-field-type-submit elementor-col-100 e-form__buttons\">\n\t\t\t\t\t<button class=\"elementor-button elementor-size-sm\" type=\"submit\">\n\t\t\t\t\t\t<span class=\"elementor-button-content-wrapper\">\n\t\t\t\t\t\t\t\t\t\t\t\t\t\t\t\t\t\t\t\t\t\t<span class=\"elementor-button-text\">Wy\u015blij<\/span>\n\t\t\t\t\t\t\t\t\t\t\t\t\t<\/span>\n\t\t\t\t\t<\/button>\n\t\t\t\t<\/div>\n\t\t\t<\/div>\n\t\t<\/form>\n\t\t\t\t\t\t<\/div>\n\t\t\t\t<\/div>\n\t\t\t\t\t<\/div>\n\t\t<\/div>\n\t\t\t\t\t<\/div>\n\t\t<\/section>\n\t\t\t\t<section data-particle_enable=\"false\" data-particle-mobile-disabled=\"false\" class=\"elementor-section elementor-top-section elementor-element elementor-element-f091a32 elementor-section-boxed elementor-section-height-default elementor-section-height-default\" data-id=\"f091a32\" data-element_type=\"section\">\n\t\t\t\t\t\t<div class=\"elementor-container elementor-column-gap-default\">\n\t\t\t\t\t<div class=\"elementor-column elementor-col-100 elementor-top-column elementor-element elementor-element-8797c66\" data-id=\"8797c66\" data-element_type=\"column\">\n\t\t\t<div class=\"elementor-widget-wrap elementor-element-populated\">\n\t\t\t\t\t\t<div class=\"elementor-element elementor-element-f891c3e elementor-widget elementor-widget-spacer\" data-id=\"f891c3e\" data-element_type=\"widget\" data-widget_type=\"spacer.default\">\n\t\t\t\t<div class=\"elementor-widget-container\">\n\t\t\t\t\t\t\t<div class=\"elementor-spacer\">\n\t\t\t<div class=\"elementor-spacer-inner\"><\/div>\n\t\t<\/div>\n\t\t\t\t\t\t<\/div>\n\t\t\t\t<\/div>\n\t\t\t\t\t<\/div>\n\t\t<\/div>\n\t\t\t\t\t<\/div>\n\t\t<\/section>\n\t\t\t\t<\/div>\n\t\t","protected":false},"excerpt":{"rendered":"<p>PROGRAM LOJALNO\u015aCIOWY PROGRAM LOJALNO\u015aCIOWY Do\u0142\u0105cz do naszego programu lojalno\u015bciowego i otrzymuj informacj\u0119 o wyj\u0105tkowych promocjach przeznaczonych wy\u0142\u0105cznie dla naszych sta\u0142ych klient\u00f3w. Program lojalno\u015bciowy to cz\u0119ste rabaty na kwiaty i produkty dost\u0119pne w naszym salonie.\u00a0 DZI\u0118KUJEMY, \u017bE JESTE\u015a Z NAMI!\u00a0 MO\u017bLIWO\u015a\u0106 OTWARTEGO ZAPISU OGRANICZONA CZASOWO.<\/p>\n","protected":false},"author":1,"featured_media":0,"parent":0,"menu_order":0,"comment_status":"closed","ping_status":"closed","template":"elementor_header_footer","meta":{"_eb_attr":"","om_disable_all_campaigns":false,"_monsterinsights_skip_tracking":false,"_monsterinsights_sitenote_active":false,"_monsterinsights_sitenote_note":"","_monsterinsights_sitenote_category":0,"_themeisle_gutenberg_block_has_review":false,"footnotes":""},"class_list":["post-835","page","type-page","status-publish","hentry"],"yoast_head":"<!-- This site is optimized with the Yoast SEO Premium plugin v20.8 (Yoast SEO v20.12) - https:\/\/yoast.com\/wordpress\/plugins\/seo\/ -->\n<title>Program lojalno\u015bciowy - Sia\u0142a Baba Kwiat<\/title>\n<meta name=\"robots\" content=\"index, follow, max-snippet:-1, max-image-preview:large, max-video-preview:-1\" \/>\n<link rel=\"canonical\" href=\"https:\/\/sialababakwiat.pl\/?page_id=835\" \/>\n<meta property=\"og:locale\" content=\"pl_PL\" \/>\n<meta property=\"og:type\" content=\"article\" \/>\n<meta property=\"og:title\" content=\"Program lojalno\u015bciowy\" \/>\n<meta property=\"og:description\" content=\"PROGRAM LOJALNO\u015aCIOWY PROGRAM LOJALNO\u015aCIOWY Do\u0142\u0105cz do naszego programu lojalno\u015bciowego i otrzymuj informacj\u0119 o wyj\u0105tkowych promocjach przeznaczonych wy\u0142\u0105cznie dla naszych sta\u0142ych klient\u00f3w. Program lojalno\u015bciowy to cz\u0119ste rabaty na kwiaty i produkty dost\u0119pne w naszym salonie.\u00a0 DZI\u0118KUJEMY, \u017bE JESTE\u015a Z NAMI!\u00a0 MO\u017bLIWO\u015a\u0106 OTWARTEGO ZAPISU OGRANICZONA CZASOWO.\" \/>\n<meta property=\"og:url\" content=\"https:\/\/sialababakwiat.pl\/?page_id=835\" \/>\n<meta property=\"og:site_name\" content=\"Sia\u0142a Baba Kwiat\" \/>\n<meta property=\"article:publisher\" content=\"https:\/\/facebook.com\/sialababakwiat\" \/>\n<meta property=\"article:modified_time\" content=\"2025-06-10T08:14:55+00:00\" \/>\n<meta property=\"og:image\" content=\"https:\/\/sialababakwiat.pl\/wp-content\/uploads\/2023\/04\/Sialababakwiat2.png\" \/>\n\t<meta property=\"og:image:width\" content=\"1589\" \/>\n\t<meta property=\"og:image:height\" content=\"1963\" \/>\n\t<meta property=\"og:image:type\" content=\"image\/png\" \/>\n<meta name=\"twitter:card\" content=\"summary_large_image\" \/>\n<meta name=\"twitter:label1\" content=\"Szacowany czas czytania\" \/>\n\t<meta name=\"twitter:data1\" content=\"1 minuta\" \/>\n<script type=\"application\/ld+json\" class=\"yoast-schema-graph\">{\"@context\":\"https:\/\/schema.org\",\"@graph\":[{\"@type\":\"WebPage\",\"@id\":\"https:\/\/sialababakwiat.pl\/?page_id=835\",\"url\":\"https:\/\/sialababakwiat.pl\/?page_id=835\",\"name\":\"Program lojalno\u015bciowy - Sia\u0142a Baba Kwiat\",\"isPartOf\":{\"@id\":\"https:\/\/sialababakwiat.pl\/#website\"},\"datePublished\":\"2025-03-03T19:52:49+00:00\",\"dateModified\":\"2025-06-10T08:14:55+00:00\",\"breadcrumb\":{\"@id\":\"https:\/\/sialababakwiat.pl\/?page_id=835#breadcrumb\"},\"inLanguage\":\"pl-PL\",\"potentialAction\":[{\"@type\":\"ReadAction\",\"target\":[\"https:\/\/sialababakwiat.pl\/?page_id=835\"]}]},{\"@type\":\"BreadcrumbList\",\"@id\":\"https:\/\/sialababakwiat.pl\/?page_id=835#breadcrumb\",\"itemListElement\":[{\"@type\":\"ListItem\",\"position\":1,\"name\":\"Home\",\"item\":\"https:\/\/sialababakwiat.pl\/\"},{\"@type\":\"ListItem\",\"position\":2,\"name\":\"Program lojalno\u015bciowy\"}]},{\"@type\":\"WebSite\",\"@id\":\"https:\/\/sialababakwiat.pl\/#website\",\"url\":\"https:\/\/sialababakwiat.pl\/\",\"name\":\"Sia\u0142a Baba Kwiat\",\"description\":\"Manufaktura i kwiaciarnia w Kwidzynie\",\"publisher\":{\"@id\":\"https:\/\/sialababakwiat.pl\/#organization\"},\"potentialAction\":[{\"@type\":\"SearchAction\",\"target\":{\"@type\":\"EntryPoint\",\"urlTemplate\":\"https:\/\/sialababakwiat.pl\/?s={search_term_string}\"},\"query-input\":\"required name=search_term_string\"}],\"inLanguage\":\"pl-PL\"},{\"@type\":[\"Organization\",\"Place\",\"Florist\"],\"@id\":\"https:\/\/sialababakwiat.pl\/#organization\",\"name\":\"Sia\u0142a Baba Kwiat\",\"url\":\"https:\/\/sialababakwiat.pl\/\",\"logo\":{\"@id\":\"https:\/\/sialababakwiat.pl\/?page_id=835#local-main-organization-logo\"},\"image\":{\"@id\":\"https:\/\/sialababakwiat.pl\/?page_id=835#local-main-organization-logo\"},\"sameAs\":[\"https:\/\/facebook.com\/sialababakwiat\",\"https:\/\/instagram.com\/sialababakwiat\"],\"address\":{\"@id\":\"https:\/\/sialababakwiat.pl\/?page_id=835#local-main-place-address\"},\"telephone\":[\"798 762 282\"],\"openingHoursSpecification\":[{\"@type\":\"OpeningHoursSpecification\",\"dayOfWeek\":[\"Monday\",\"Tuesday\",\"Wednesday\",\"Thursday\",\"Friday\",\"Saturday\"],\"opens\":\"10:00\",\"closes\":\"20:00\"},{\"@type\":\"OpeningHoursSpecification\",\"dayOfWeek\":[\"Sunday\"],\"opens\":\"10:00\",\"closes\":\"18:00\"}],\"email\":\"sklep@sialababakwiat.pl\",\"priceRange\":\"$$\"},{\"@type\":\"PostalAddress\",\"@id\":\"https:\/\/sialababakwiat.pl\/?page_id=835#local-main-place-address\",\"streetAddress\":\"15 Sierpnia 14B\",\"addressLocality\":\"Kwidzyn\",\"postalCode\":\"82-500\",\"addressRegion\":\"Pomorskie\",\"addressCountry\":\"PL\"},{\"@type\":\"ImageObject\",\"inLanguage\":\"pl-PL\",\"@id\":\"https:\/\/sialababakwiat.pl\/?page_id=835#local-main-organization-logo\",\"url\":\"https:\/\/sialababakwiat.pl\/wp-content\/uploads\/2023\/04\/Sialababakwiat2.png\",\"contentUrl\":\"https:\/\/sialababakwiat.pl\/wp-content\/uploads\/2023\/04\/Sialababakwiat2.png\",\"width\":1589,\"height\":1963,\"caption\":\"Sia\u0142a Baba Kwiat\"}]}<\/script>\n<meta name=\"geo.placename\" content=\"Kwidzyn\" \/>\n<meta name=\"geo.region\" content=\"Polska\" \/>\n<!-- \/ Yoast SEO Premium plugin. -->","yoast_head_json":{"title":"Program lojalno\u015bciowy - Sia\u0142a Baba Kwiat","robots":{"index":"index","follow":"follow","max-snippet":"max-snippet:-1","max-image-preview":"max-image-preview:large","max-video-preview":"max-video-preview:-1"},"canonical":"https:\/\/sialababakwiat.pl\/?page_id=835","og_locale":"pl_PL","og_type":"article","og_title":"Program lojalno\u015bciowy","og_description":"PROGRAM LOJALNO\u015aCIOWY PROGRAM LOJALNO\u015aCIOWY Do\u0142\u0105cz do naszego programu lojalno\u015bciowego i otrzymuj informacj\u0119 o wyj\u0105tkowych promocjach przeznaczonych wy\u0142\u0105cznie dla naszych sta\u0142ych klient\u00f3w. Program lojalno\u015bciowy to cz\u0119ste rabaty na kwiaty i produkty dost\u0119pne w naszym salonie.\u00a0 DZI\u0118KUJEMY, \u017bE JESTE\u015a Z NAMI!\u00a0 MO\u017bLIWO\u015a\u0106 OTWARTEGO ZAPISU OGRANICZONA CZASOWO.","og_url":"https:\/\/sialababakwiat.pl\/?page_id=835","og_site_name":"Sia\u0142a Baba Kwiat","article_publisher":"https:\/\/facebook.com\/sialababakwiat","article_modified_time":"2025-06-10T08:14:55+00:00","og_image":[{"width":1589,"height":1963,"url":"https:\/\/sialababakwiat.pl\/wp-content\/uploads\/2023\/04\/Sialababakwiat2.png","type":"image\/png"}],"twitter_card":"summary_large_image","twitter_misc":{"Szacowany czas czytania":"1 minuta"},"schema":{"@context":"https:\/\/schema.org","@graph":[{"@type":"WebPage","@id":"https:\/\/sialababakwiat.pl\/?page_id=835","url":"https:\/\/sialababakwiat.pl\/?page_id=835","name":"Program lojalno\u015bciowy - Sia\u0142a Baba Kwiat","isPartOf":{"@id":"https:\/\/sialababakwiat.pl\/#website"},"datePublished":"2025-03-03T19:52:49+00:00","dateModified":"2025-06-10T08:14:55+00:00","breadcrumb":{"@id":"https:\/\/sialababakwiat.pl\/?page_id=835#breadcrumb"},"inLanguage":"pl-PL","potentialAction":[{"@type":"ReadAction","target":["https:\/\/sialababakwiat.pl\/?page_id=835"]}]},{"@type":"BreadcrumbList","@id":"https:\/\/sialababakwiat.pl\/?page_id=835#breadcrumb","itemListElement":[{"@type":"ListItem","position":1,"name":"Home","item":"https:\/\/sialababakwiat.pl\/"},{"@type":"ListItem","position":2,"name":"Program lojalno\u015bciowy"}]},{"@type":"WebSite","@id":"https:\/\/sialababakwiat.pl\/#website","url":"https:\/\/sialababakwiat.pl\/","name":"Sia\u0142a Baba Kwiat","description":"Manufaktura i kwiaciarnia w Kwidzynie","publisher":{"@id":"https:\/\/sialababakwiat.pl\/#organization"},"potentialAction":[{"@type":"SearchAction","target":{"@type":"EntryPoint","urlTemplate":"https:\/\/sialababakwiat.pl\/?s={search_term_string}"},"query-input":"required name=search_term_string"}],"inLanguage":"pl-PL"},{"@type":["Organization","Place","Florist"],"@id":"https:\/\/sialababakwiat.pl\/#organization","name":"Sia\u0142a Baba Kwiat","url":"https:\/\/sialababakwiat.pl\/","logo":{"@id":"https:\/\/sialababakwiat.pl\/?page_id=835#local-main-organization-logo"},"image":{"@id":"https:\/\/sialababakwiat.pl\/?page_id=835#local-main-organization-logo"},"sameAs":["https:\/\/facebook.com\/sialababakwiat","https:\/\/instagram.com\/sialababakwiat"],"address":{"@id":"https:\/\/sialababakwiat.pl\/?page_id=835#local-main-place-address"},"telephone":["798 762 282"],"openingHoursSpecification":[{"@type":"OpeningHoursSpecification","dayOfWeek":["Monday","Tuesday","Wednesday","Thursday","Friday","Saturday"],"opens":"10:00","closes":"20:00"},{"@type":"OpeningHoursSpecification","dayOfWeek":["Sunday"],"opens":"10:00","closes":"18:00"}],"email":"sklep@sialababakwiat.pl","priceRange":"$$"},{"@type":"PostalAddress","@id":"https:\/\/sialababakwiat.pl\/?page_id=835#local-main-place-address","streetAddress":"15 Sierpnia 14B","addressLocality":"Kwidzyn","postalCode":"82-500","addressRegion":"Pomorskie","addressCountry":"PL"},{"@type":"ImageObject","inLanguage":"pl-PL","@id":"https:\/\/sialababakwiat.pl\/?page_id=835#local-main-organization-logo","url":"https:\/\/sialababakwiat.pl\/wp-content\/uploads\/2023\/04\/Sialababakwiat2.png","contentUrl":"https:\/\/sialababakwiat.pl\/wp-content\/uploads\/2023\/04\/Sialababakwiat2.png","width":1589,"height":1963,"caption":"Sia\u0142a Baba Kwiat"}]},"geo.placename":"Kwidzyn","geo.region":"Polska"},"_links":{"self":[{"href":"https:\/\/sialababakwiat.pl\/index.php?rest_route=\/wp\/v2\/pages\/835","targetHints":{"allow":["GET"]}}],"collection":[{"href":"https:\/\/sialababakwiat.pl\/index.php?rest_route=\/wp\/v2\/pages"}],"about":[{"href":"https:\/\/sialababakwiat.pl\/index.php?rest_route=\/wp\/v2\/types\/page"}],"author":[{"embeddable":true,"href":"https:\/\/sialababakwiat.pl\/index.php?rest_route=\/wp\/v2\/users\/1"}],"replies":[{"embeddable":true,"href":"https:\/\/sialababakwiat.pl\/index.php?rest_route=%2Fwp%2Fv2%2Fcomments&post=835"}],"version-history":[{"count":21,"href":"https:\/\/sialababakwiat.pl\/index.php?rest_route=\/wp\/v2\/pages\/835\/revisions"}],"predecessor-version":[{"id":872,"href":"https:\/\/sialababakwiat.pl\/index.php?rest_route=\/wp\/v2\/pages\/835\/revisions\/872"}],"wp:attachment":[{"href":"https:\/\/sialababakwiat.pl\/index.php?rest_route=%2Fwp%2Fv2%2Fmedia&parent=835"}],"curies":[{"name":"wp","href":"https:\/\/api.w.org\/{rel}","templated":true}]}}