{"id":126,"date":"2023-01-17T14:19:26","date_gmt":"2023-01-17T13:19:26","guid":{"rendered":"https:\/\/sialababakwiat.pl\/index.php\/produkt\/bamboo-swieca-sojowa\/"},"modified":"2024-05-29T15:13:18","modified_gmt":"2024-05-29T13:13:18","slug":"bamboo-swieca-sojowa","status":"publish","type":"product","link":"https:\/\/sialababakwiat.pl\/?product=bamboo-swieca-sojowa","title":{"rendered":"BAMBOO \u015bwieca sojowa"},"content":{"rendered":"<p>BAMBOO to bardzo \u015bwie\u017ce, koj\u0105ce po\u0142\u0105czenie akord\u00f3w zielonej herbaty, aloesu, bambusa oraz ja\u015bminu, kt\u00f3re uzupe\u0142nia pi\u017cmo i drzewo sanda\u0142owe z nut\u0105 tymianku. Delikatny, cho\u0107 intensywny i trwa\u0142y zapach, kt\u00f3ry szczeg\u00f3lnie odnajduje si\u0119 podczas rytua\u0142\u00f3w piel\u0119gnacyjnych. Wprowadza wyj\u0105tkow\u0105 atmosfer\u0119 przed snem i podczas chwili relaksu.&nbsp;<\/p>\n<p>&nbsp;<\/p>\n<p>\u015awieca wykonana na bazie nietoksycznego wosku sojowego z bawe\u0142nianym knotem.<\/p>\n<p>&nbsp;<\/p>\n<p>Olejki wykorzystane w produkcji s\u0105&nbsp;wega\u0144skie, nietestowane na zwierz\u0119tach.&nbsp;<\/p>\n","protected":false},"excerpt":{"rendered":"<p>BAMBOO to bardzo \u015bwie\u017ce, koj\u0105ce po\u0142\u0105czenie akord\u00f3w zielonej herbaty, aloesu, bambusa oraz ja\u015bminu, kt\u00f3re uzupe\u0142nia pi\u017cmo i drzewo sanda\u0142owe z nut\u0105 tymianku. Delikatny, cho\u0107 intensywny i trwa\u0142y zapach, kt\u00f3ry szczeg\u00f3lnie odnajduje si\u0119 podczas rytua\u0142\u00f3w piel\u0119gnacyjnych. Wprowadza wyj\u0105tkow\u0105 atmosfer\u0119 przed snem i podczas chwili relaksu.&nbsp; &nbsp; \u015awieca wykonana na bazie nietoksycznego wosku sojowego z bawe\u0142nianym knotem. [&hellip;]<\/p>\n","protected":false},"featured_media":0,"comment_status":"open","ping_status":"closed","template":"","meta":{"_eb_attr":"","om_disable_all_campaigns":false,"_monsterinsights_skip_tracking":false,"_monsterinsights_sitenote_active":false,"_monsterinsights_sitenote_note":"","_monsterinsights_sitenote_category":0,"_themeisle_gutenberg_block_has_review":false},"product_brand":[],"product_cat":[21],"product_tag":[],"class_list":{"0":"post-126","1":"product","2":"type-product","3":"status-publish","5":"product_cat-swiece-sojowe","7":"first","8":"instock","9":"shipping-taxable","10":"purchasable","11":"product-type-simple"},"yoast_head":"<!-- This site is optimized with the Yoast SEO Premium plugin v20.8 (Yoast SEO v20.12) - https:\/\/yoast.com\/wordpress\/plugins\/seo\/ -->\n<title>BAMBOO \u015bwieca sojowa - Sia\u0142a Baba Kwiat<\/title>\n<meta name=\"robots\" content=\"index, follow, max-snippet:-1, max-image-preview:large, max-video-preview:-1\" \/>\n<link rel=\"canonical\" href=\"https:\/\/sialababakwiat.pl\/?product=bamboo-swieca-sojowa\" \/>\n<meta property=\"og:locale\" content=\"pl_PL\" \/>\n<meta property=\"og:type\" content=\"article\" \/>\n<meta property=\"og:title\" content=\"BAMBOO \u015bwieca sojowa\" \/>\n<meta property=\"og:description\" content=\"BAMBOO to bardzo \u015bwie\u017ce, koj\u0105ce po\u0142\u0105czenie akord\u00f3w zielonej herbaty, aloesu, bambusa oraz ja\u015bminu, kt\u00f3re uzupe\u0142nia pi\u017cmo i drzewo sanda\u0142owe z nut\u0105 tymianku. Delikatny, cho\u0107 intensywny i trwa\u0142y zapach, kt\u00f3ry szczeg\u00f3lnie odnajduje si\u0119 podczas rytua\u0142\u00f3w piel\u0119gnacyjnych. Wprowadza wyj\u0105tkow\u0105 atmosfer\u0119 przed snem i podczas chwili relaksu.&nbsp; &nbsp; \u015awieca wykonana na bazie nietoksycznego wosku sojowego z bawe\u0142nianym knotem. [&hellip;]\" \/>\n<meta property=\"og:url\" content=\"https:\/\/sialababakwiat.pl\/?product=bamboo-swieca-sojowa\" \/>\n<meta property=\"og:site_name\" content=\"Sia\u0142a Baba Kwiat\" \/>\n<meta property=\"article:publisher\" content=\"https:\/\/facebook.com\/sialababakwiat\" \/>\n<meta property=\"article:modified_time\" content=\"2024-05-29T13:13:18+00:00\" \/>\n<meta property=\"og:image\" content=\"https:\/\/sialababakwiat.pl\/wp-content\/uploads\/2023\/04\/Sialababakwiat2.png\" \/>\n\t<meta property=\"og:image:width\" content=\"1589\" \/>\n\t<meta property=\"og:image:height\" content=\"1963\" \/>\n\t<meta property=\"og:image:type\" content=\"image\/png\" \/>\n<meta name=\"twitter:card\" content=\"summary_large_image\" \/>\n<meta name=\"twitter:label1\" content=\"Cena\" \/>\n\t<meta name=\"twitter:data1\" content=\"55.00&nbsp;&#122;&#322;\" \/>\n\t<meta name=\"twitter:label2\" content=\"Dost\u0119pno\u015b\u0107\" \/>\n\t<meta name=\"twitter:data2\" content=\"Dost\u0119pny\" \/>\n<script type=\"application\/ld+json\" class=\"yoast-schema-graph\">{\"@context\":\"https:\/\/schema.org\",\"@graph\":[{\"@type\":\"WebPage\",\"@id\":\"https:\/\/sialababakwiat.pl\/?product=bamboo-swieca-sojowa\",\"url\":\"https:\/\/sialababakwiat.pl\/?product=bamboo-swieca-sojowa\",\"name\":\"BAMBOO \u015bwieca sojowa - Sia\u0142a Baba Kwiat\",\"isPartOf\":{\"@id\":\"https:\/\/sialababakwiat.pl\/#website\"},\"datePublished\":\"2023-01-17T13:19:26+00:00\",\"dateModified\":\"2024-05-29T13:13:18+00:00\",\"breadcrumb\":{\"@id\":\"https:\/\/sialababakwiat.pl\/?product=bamboo-swieca-sojowa#breadcrumb\"},\"inLanguage\":\"pl-PL\",\"potentialAction\":[{\"@type\":\"ReadAction\",\"target\":[\"https:\/\/sialababakwiat.pl\/?product=bamboo-swieca-sojowa\"]}]},{\"@type\":\"BreadcrumbList\",\"@id\":\"https:\/\/sialababakwiat.pl\/?product=bamboo-swieca-sojowa#breadcrumb\",\"itemListElement\":[{\"@type\":\"ListItem\",\"position\":1,\"name\":\"Home\",\"item\":\"https:\/\/sialababakwiat.pl\/\"},{\"@type\":\"ListItem\",\"position\":2,\"name\":\"Produkty\",\"item\":\"https:\/\/sialababakwiat.pl\/?post_type=product\"},{\"@type\":\"ListItem\",\"position\":3,\"name\":\"BAMBOO \u015bwieca sojowa\"}]},{\"@type\":\"WebSite\",\"@id\":\"https:\/\/sialababakwiat.pl\/#website\",\"url\":\"https:\/\/sialababakwiat.pl\/\",\"name\":\"Sia\u0142a Baba Kwiat\",\"description\":\"Manufaktura i kwiaciarnia w Kwidzynie\",\"publisher\":{\"@id\":\"https:\/\/sialababakwiat.pl\/#organization\"},\"potentialAction\":[{\"@type\":\"SearchAction\",\"target\":{\"@type\":\"EntryPoint\",\"urlTemplate\":\"https:\/\/sialababakwiat.pl\/?s={search_term_string}\"},\"query-input\":\"required name=search_term_string\"}],\"inLanguage\":\"pl-PL\"},{\"@type\":[\"Organization\",\"Place\",\"Florist\"],\"@id\":\"https:\/\/sialababakwiat.pl\/#organization\",\"name\":\"Sia\u0142a Baba Kwiat\",\"url\":\"https:\/\/sialababakwiat.pl\/\",\"logo\":{\"@id\":\"https:\/\/sialababakwiat.pl\/?product=bamboo-swieca-sojowa#local-main-organization-logo\"},\"image\":{\"@id\":\"https:\/\/sialababakwiat.pl\/?product=bamboo-swieca-sojowa#local-main-organization-logo\"},\"sameAs\":[\"https:\/\/facebook.com\/sialababakwiat\",\"https:\/\/instagram.com\/sialababakwiat\"],\"address\":{\"@id\":\"https:\/\/sialababakwiat.pl\/?product=bamboo-swieca-sojowa#local-main-place-address\"},\"telephone\":[\"798 762 282\"],\"openingHoursSpecification\":[{\"@type\":\"OpeningHoursSpecification\",\"dayOfWeek\":[\"Monday\",\"Tuesday\",\"Wednesday\",\"Thursday\",\"Friday\",\"Saturday\"],\"opens\":\"10:00\",\"closes\":\"20:00\"},{\"@type\":\"OpeningHoursSpecification\",\"dayOfWeek\":[\"Sunday\"],\"opens\":\"10:00\",\"closes\":\"18:00\"}],\"email\":\"sklep@sialababakwiat.pl\",\"priceRange\":\"$$\"},{\"@type\":\"PostalAddress\",\"@id\":\"https:\/\/sialababakwiat.pl\/?product=bamboo-swieca-sojowa#local-main-place-address\",\"streetAddress\":\"15 Sierpnia 14B\",\"addressLocality\":\"Kwidzyn\",\"postalCode\":\"82-500\",\"addressRegion\":\"Pomorskie\",\"addressCountry\":\"PL\"},{\"@type\":\"ImageObject\",\"inLanguage\":\"pl-PL\",\"@id\":\"https:\/\/sialababakwiat.pl\/?product=bamboo-swieca-sojowa#local-main-organization-logo\",\"url\":\"https:\/\/sialababakwiat.pl\/wp-content\/uploads\/2023\/04\/Sialababakwiat2.png\",\"contentUrl\":\"https:\/\/sialababakwiat.pl\/wp-content\/uploads\/2023\/04\/Sialababakwiat2.png\",\"width\":1589,\"height\":1963,\"caption\":\"Sia\u0142a Baba Kwiat\"}]}<\/script>\n<meta property=\"product:price:amount\" content=\"55.00\" \/>\n<meta property=\"product:price:currency\" content=\"PLN\" \/>\n<meta property=\"og:availability\" content=\"instock\" \/>\n<meta property=\"product:availability\" content=\"instock\" \/>\n<meta property=\"product:condition\" content=\"new\" \/>\n<meta name=\"geo.placename\" content=\"Kwidzyn\" \/>\n<meta name=\"geo.region\" content=\"Polska\" \/>\n<!-- \/ Yoast SEO Premium plugin. -->","yoast_head_json":{"title":"BAMBOO \u015bwieca sojowa - Sia\u0142a Baba Kwiat","robots":{"index":"index","follow":"follow","max-snippet":"max-snippet:-1","max-image-preview":"max-image-preview:large","max-video-preview":"max-video-preview:-1"},"canonical":"https:\/\/sialababakwiat.pl\/?product=bamboo-swieca-sojowa","og_locale":"pl_PL","og_type":"article","og_title":"BAMBOO \u015bwieca sojowa","og_description":"BAMBOO to bardzo \u015bwie\u017ce, koj\u0105ce po\u0142\u0105czenie akord\u00f3w zielonej herbaty, aloesu, bambusa oraz ja\u015bminu, kt\u00f3re uzupe\u0142nia pi\u017cmo i drzewo sanda\u0142owe z nut\u0105 tymianku. Delikatny, cho\u0107 intensywny i trwa\u0142y zapach, kt\u00f3ry szczeg\u00f3lnie odnajduje si\u0119 podczas rytua\u0142\u00f3w piel\u0119gnacyjnych. Wprowadza wyj\u0105tkow\u0105 atmosfer\u0119 przed snem i podczas chwili relaksu.&nbsp; &nbsp; \u015awieca wykonana na bazie nietoksycznego wosku sojowego z bawe\u0142nianym knotem. [&hellip;]","og_url":"https:\/\/sialababakwiat.pl\/?product=bamboo-swieca-sojowa","og_site_name":"Sia\u0142a Baba Kwiat","article_publisher":"https:\/\/facebook.com\/sialababakwiat","article_modified_time":"2024-05-29T13:13:18+00:00","og_image":[{"width":1589,"height":1963,"url":"https:\/\/sialababakwiat.pl\/wp-content\/uploads\/2023\/04\/Sialababakwiat2.png","type":"image\/png"}],"twitter_card":"summary_large_image","twitter_misc":{"Cena":"55.00&nbsp;&#122;&#322;","Dost\u0119pno\u015b\u0107":"Dost\u0119pny"},"schema":{"@context":"https:\/\/schema.org","@graph":[{"@type":"WebPage","@id":"https:\/\/sialababakwiat.pl\/?product=bamboo-swieca-sojowa","url":"https:\/\/sialababakwiat.pl\/?product=bamboo-swieca-sojowa","name":"BAMBOO \u015bwieca sojowa - Sia\u0142a Baba Kwiat","isPartOf":{"@id":"https:\/\/sialababakwiat.pl\/#website"},"datePublished":"2023-01-17T13:19:26+00:00","dateModified":"2024-05-29T13:13:18+00:00","breadcrumb":{"@id":"https:\/\/sialababakwiat.pl\/?product=bamboo-swieca-sojowa#breadcrumb"},"inLanguage":"pl-PL","potentialAction":[{"@type":"ReadAction","target":["https:\/\/sialababakwiat.pl\/?product=bamboo-swieca-sojowa"]}]},{"@type":"BreadcrumbList","@id":"https:\/\/sialababakwiat.pl\/?product=bamboo-swieca-sojowa#breadcrumb","itemListElement":[{"@type":"ListItem","position":1,"name":"Home","item":"https:\/\/sialababakwiat.pl\/"},{"@type":"ListItem","position":2,"name":"Produkty","item":"https:\/\/sialababakwiat.pl\/?post_type=product"},{"@type":"ListItem","position":3,"name":"BAMBOO \u015bwieca sojowa"}]},{"@type":"WebSite","@id":"https:\/\/sialababakwiat.pl\/#website","url":"https:\/\/sialababakwiat.pl\/","name":"Sia\u0142a Baba Kwiat","description":"Manufaktura i kwiaciarnia w Kwidzynie","publisher":{"@id":"https:\/\/sialababakwiat.pl\/#organization"},"potentialAction":[{"@type":"SearchAction","target":{"@type":"EntryPoint","urlTemplate":"https:\/\/sialababakwiat.pl\/?s={search_term_string}"},"query-input":"required name=search_term_string"}],"inLanguage":"pl-PL"},{"@type":["Organization","Place","Florist"],"@id":"https:\/\/sialababakwiat.pl\/#organization","name":"Sia\u0142a Baba Kwiat","url":"https:\/\/sialababakwiat.pl\/","logo":{"@id":"https:\/\/sialababakwiat.pl\/?product=bamboo-swieca-sojowa#local-main-organization-logo"},"image":{"@id":"https:\/\/sialababakwiat.pl\/?product=bamboo-swieca-sojowa#local-main-organization-logo"},"sameAs":["https:\/\/facebook.com\/sialababakwiat","https:\/\/instagram.com\/sialababakwiat"],"address":{"@id":"https:\/\/sialababakwiat.pl\/?product=bamboo-swieca-sojowa#local-main-place-address"},"telephone":["798 762 282"],"openingHoursSpecification":[{"@type":"OpeningHoursSpecification","dayOfWeek":["Monday","Tuesday","Wednesday","Thursday","Friday","Saturday"],"opens":"10:00","closes":"20:00"},{"@type":"OpeningHoursSpecification","dayOfWeek":["Sunday"],"opens":"10:00","closes":"18:00"}],"email":"sklep@sialababakwiat.pl","priceRange":"$$"},{"@type":"PostalAddress","@id":"https:\/\/sialababakwiat.pl\/?product=bamboo-swieca-sojowa#local-main-place-address","streetAddress":"15 Sierpnia 14B","addressLocality":"Kwidzyn","postalCode":"82-500","addressRegion":"Pomorskie","addressCountry":"PL"},{"@type":"ImageObject","inLanguage":"pl-PL","@id":"https:\/\/sialababakwiat.pl\/?product=bamboo-swieca-sojowa#local-main-organization-logo","url":"https:\/\/sialababakwiat.pl\/wp-content\/uploads\/2023\/04\/Sialababakwiat2.png","contentUrl":"https:\/\/sialababakwiat.pl\/wp-content\/uploads\/2023\/04\/Sialababakwiat2.png","width":1589,"height":1963,"caption":"Sia\u0142a Baba Kwiat"}]},"product_price_amount":"55.00","product_price_currency":"PLN","og_availability":"instock","product_availability":"instock","product_condition":"new","geo.placename":"Kwidzyn","geo.region":"Polska"},"_links":{"self":[{"href":"https:\/\/sialababakwiat.pl\/index.php?rest_route=\/wp\/v2\/product\/126","targetHints":{"allow":["GET"]}}],"collection":[{"href":"https:\/\/sialababakwiat.pl\/index.php?rest_route=\/wp\/v2\/product"}],"about":[{"href":"https:\/\/sialababakwiat.pl\/index.php?rest_route=\/wp\/v2\/types\/product"}],"replies":[{"embeddable":true,"href":"https:\/\/sialababakwiat.pl\/index.php?rest_route=%2Fwp%2Fv2%2Fcomments&post=126"}],"wp:attachment":[{"href":"https:\/\/sialababakwiat.pl\/index.php?rest_route=%2Fwp%2Fv2%2Fmedia&parent=126"}],"wp:term":[{"taxonomy":"product_brand","embeddable":true,"href":"https:\/\/sialababakwiat.pl\/index.php?rest_route=%2Fwp%2Fv2%2Fproduct_brand&post=126"},{"taxonomy":"product_cat","embeddable":true,"href":"https:\/\/sialababakwiat.pl\/index.php?rest_route=%2Fwp%2Fv2%2Fproduct_cat&post=126"},{"taxonomy":"product_tag","embeddable":true,"href":"https:\/\/sialababakwiat.pl\/index.php?rest_route=%2Fwp%2Fv2%2Fproduct_tag&post=126"}],"curies":[{"name":"wp","href":"https:\/\/api.w.org\/{rel}","templated":true}]}}