{"id":149,"date":"2023-01-17T14:19:27","date_gmt":"2023-01-17T13:19:27","guid":{"rendered":"https:\/\/sialababakwiat.pl\/index.php\/produkt\/suit-tie-swieca-sojowa\/"},"modified":"2024-11-06T11:01:01","modified_gmt":"2024-11-06T10:01:01","slug":"suit-tie-swieca-sojowa","status":"publish","type":"product","link":"https:\/\/sialababakwiat.pl\/?product=suit-tie-swieca-sojowa","title":{"rendered":"SUIT &#038; TIE \u015bwieca sojowa"},"content":{"rendered":"<p>SUIT &amp; TIE to zapach zainspirowany weneckimi, ekskluzywnymi atelier krawieckimi. Niezwyk\u0142e po\u0142\u0105czenie drzewa oudowego, nut sk\u00f3rzanch i delikatnej wanilii, kt\u00f3re uzupe\u0142nia zapach s\u0142odkiej trawy wiosennej, ja\u015bminu i pelargonii. Ca\u0142o\u015b\u0107 kompozycji zamyka czarny irys, kt\u00f3ry w spos\u00f3b wyj\u0105tkowy spaja ca\u0142\u0105 kompozycj\u0119.<\/p>\n<p>&nbsp;<\/p>\n<p>Zapach z serii uniseks, doskonale sprawdza si\u0119 jako codzienny zapach bazowy do eleganckich wn\u0119trz, idealny do biura, kancelarii i aut celem odtworzenia zapachu nowych, sk\u00f3rzanych foteli.<\/p>\n<p>&nbsp;<\/p>\n<p>\u015awieca wykonana na bazie nietoksycznego wosku sojowego z bawe\u0142nianym knotem.<\/p>\n<p>&nbsp;<\/p>\n<p>Olejki wykorzystane w produkcji s\u0105 wega\u0144skie, nietestowane na zwierz\u0119tach oraz posiadaj\u0105 certyfikat nietoksyczno\u015bci dla organizm\u00f3w \u017cywych, jak i otoczenia.<\/p>\n","protected":false},"excerpt":{"rendered":"<p>SUIT &amp; TIE to zapach zainspirowany weneckimi, ekskluzywnymi atelier krawieckimi. Niezwyk\u0142e po\u0142\u0105czenie drzewa oudowego, nut sk\u00f3rzanch i delikatnej wanilii, kt\u00f3re uzupe\u0142nia zapach s\u0142odkiej trawy wiosennej, ja\u015bminu i pelargonii. Ca\u0142o\u015b\u0107 kompozycji zamyka czarny irys, kt\u00f3ry w spos\u00f3b wyj\u0105tkowy spaja ca\u0142\u0105 kompozycj\u0119. &nbsp; Zapach z serii uniseks, doskonale sprawdza si\u0119 jako codzienny zapach bazowy do eleganckich wn\u0119trz, [&hellip;]<\/p>\n","protected":false},"featured_media":800,"comment_status":"open","ping_status":"closed","template":"","meta":{"_eb_attr":"","om_disable_all_campaigns":false,"_monsterinsights_skip_tracking":false,"_monsterinsights_sitenote_active":false,"_monsterinsights_sitenote_note":"","_monsterinsights_sitenote_category":0,"_themeisle_gutenberg_block_has_review":false},"product_brand":[],"product_cat":[15],"product_tag":[],"class_list":{"0":"post-149","1":"product","2":"type-product","3":"status-publish","4":"has-post-thumbnail","6":"product_cat-bez-kategorii","8":"first","9":"instock","10":"shipping-taxable","11":"purchasable","12":"product-type-simple"},"yoast_head":"<!-- This site is optimized with the Yoast SEO Premium plugin v20.8 (Yoast SEO v20.12) - https:\/\/yoast.com\/wordpress\/plugins\/seo\/ -->\n<title>SUIT &amp; TIE \u015bwieca sojowa - Sia\u0142a Baba Kwiat<\/title>\n<meta name=\"robots\" content=\"index, follow, max-snippet:-1, max-image-preview:large, max-video-preview:-1\" \/>\n<link rel=\"canonical\" href=\"http:\/\/sialababakwiat.pl\/?product=suit-tie-swieca-sojowa\" \/>\n<meta property=\"og:locale\" content=\"pl_PL\" \/>\n<meta property=\"og:type\" content=\"article\" \/>\n<meta property=\"og:title\" content=\"SUIT &amp; TIE \u015bwieca sojowa\" \/>\n<meta property=\"og:description\" content=\"SUIT &amp; TIE to zapach zainspirowany weneckimi, ekskluzywnymi atelier krawieckimi. Niezwyk\u0142e po\u0142\u0105czenie drzewa oudowego, nut sk\u00f3rzanch i delikatnej wanilii, kt\u00f3re uzupe\u0142nia zapach s\u0142odkiej trawy wiosennej, ja\u015bminu i pelargonii. Ca\u0142o\u015b\u0107 kompozycji zamyka czarny irys, kt\u00f3ry w spos\u00f3b wyj\u0105tkowy spaja ca\u0142\u0105 kompozycj\u0119. &nbsp; Zapach z serii uniseks, doskonale sprawdza si\u0119 jako codzienny zapach bazowy do eleganckich wn\u0119trz, [&hellip;]\" \/>\n<meta property=\"og:url\" content=\"http:\/\/sialababakwiat.pl\/?product=suit-tie-swieca-sojowa\" \/>\n<meta property=\"og:site_name\" content=\"Sia\u0142a Baba Kwiat\" \/>\n<meta property=\"article:publisher\" content=\"https:\/\/facebook.com\/sialababakwiat\" \/>\n<meta property=\"article:modified_time\" content=\"2024-11-06T10:01:01+00:00\" \/>\n<meta property=\"og:image\" content=\"https:\/\/sialababakwiat.pl\/wp-content\/uploads\/2023\/01\/IMG_3461-scaled.jpg\" \/>\n\t<meta property=\"og:image:width\" content=\"1707\" \/>\n\t<meta property=\"og:image:height\" content=\"2560\" \/>\n\t<meta property=\"og:image:type\" content=\"image\/jpeg\" \/>\n<meta name=\"twitter:card\" content=\"summary_large_image\" \/>\n<meta name=\"twitter:label1\" content=\"Cena\" \/>\n\t<meta name=\"twitter:data1\" content=\"55.00&nbsp;&#122;&#322;\" \/>\n\t<meta name=\"twitter:label2\" content=\"Dost\u0119pno\u015b\u0107\" \/>\n\t<meta name=\"twitter:data2\" content=\"Dost\u0119pny\" \/>\n<script type=\"application\/ld+json\" class=\"yoast-schema-graph\">{\"@context\":\"https:\/\/schema.org\",\"@graph\":[{\"@type\":\"WebPage\",\"@id\":\"http:\/\/sialababakwiat.pl\/?product=suit-tie-swieca-sojowa\",\"url\":\"http:\/\/sialababakwiat.pl\/?product=suit-tie-swieca-sojowa\",\"name\":\"SUIT & TIE \u015bwieca sojowa - Sia\u0142a Baba Kwiat\",\"isPartOf\":{\"@id\":\"https:\/\/sialababakwiat.pl\/#website\"},\"datePublished\":\"2023-01-17T13:19:27+00:00\",\"dateModified\":\"2024-11-06T10:01:01+00:00\",\"breadcrumb\":{\"@id\":\"http:\/\/sialababakwiat.pl\/?product=suit-tie-swieca-sojowa#breadcrumb\"},\"inLanguage\":\"pl-PL\",\"potentialAction\":[{\"@type\":\"ReadAction\",\"target\":[\"http:\/\/sialababakwiat.pl\/?product=suit-tie-swieca-sojowa\"]}]},{\"@type\":\"BreadcrumbList\",\"@id\":\"http:\/\/sialababakwiat.pl\/?product=suit-tie-swieca-sojowa#breadcrumb\",\"itemListElement\":[{\"@type\":\"ListItem\",\"position\":1,\"name\":\"Home\",\"item\":\"https:\/\/sialababakwiat.pl\/\"},{\"@type\":\"ListItem\",\"position\":2,\"name\":\"Produkty\",\"item\":\"https:\/\/sialababakwiat.pl\/?post_type=product\"},{\"@type\":\"ListItem\",\"position\":3,\"name\":\"SUIT &#038; TIE \u015bwieca sojowa\"}]},{\"@type\":\"WebSite\",\"@id\":\"https:\/\/sialababakwiat.pl\/#website\",\"url\":\"https:\/\/sialababakwiat.pl\/\",\"name\":\"Sia\u0142a Baba Kwiat\",\"description\":\"Manufaktura i kwiaciarnia w Kwidzynie\",\"publisher\":{\"@id\":\"https:\/\/sialababakwiat.pl\/#organization\"},\"potentialAction\":[{\"@type\":\"SearchAction\",\"target\":{\"@type\":\"EntryPoint\",\"urlTemplate\":\"https:\/\/sialababakwiat.pl\/?s={search_term_string}\"},\"query-input\":\"required name=search_term_string\"}],\"inLanguage\":\"pl-PL\"},{\"@type\":[\"Organization\",\"Place\",\"Florist\"],\"@id\":\"https:\/\/sialababakwiat.pl\/#organization\",\"name\":\"Sia\u0142a Baba Kwiat\",\"url\":\"https:\/\/sialababakwiat.pl\/\",\"logo\":{\"@id\":\"http:\/\/sialababakwiat.pl\/?product=suit-tie-swieca-sojowa#local-main-organization-logo\"},\"image\":{\"@id\":\"http:\/\/sialababakwiat.pl\/?product=suit-tie-swieca-sojowa#local-main-organization-logo\"},\"sameAs\":[\"https:\/\/facebook.com\/sialababakwiat\",\"https:\/\/instagram.com\/sialababakwiat\"],\"address\":{\"@id\":\"http:\/\/sialababakwiat.pl\/?product=suit-tie-swieca-sojowa#local-main-place-address\"},\"telephone\":[\"798 762 282\"],\"openingHoursSpecification\":[{\"@type\":\"OpeningHoursSpecification\",\"dayOfWeek\":[\"Monday\",\"Tuesday\",\"Wednesday\",\"Thursday\",\"Friday\",\"Saturday\"],\"opens\":\"10:00\",\"closes\":\"20:00\"},{\"@type\":\"OpeningHoursSpecification\",\"dayOfWeek\":[\"Sunday\"],\"opens\":\"10:00\",\"closes\":\"18:00\"}],\"email\":\"sklep@sialababakwiat.pl\",\"priceRange\":\"$$\"},{\"@type\":\"PostalAddress\",\"@id\":\"http:\/\/sialababakwiat.pl\/?product=suit-tie-swieca-sojowa#local-main-place-address\",\"streetAddress\":\"15 Sierpnia 14B\",\"addressLocality\":\"Kwidzyn\",\"postalCode\":\"82-500\",\"addressRegion\":\"Pomorskie\",\"addressCountry\":\"PL\"},{\"@type\":\"ImageObject\",\"inLanguage\":\"pl-PL\",\"@id\":\"http:\/\/sialababakwiat.pl\/?product=suit-tie-swieca-sojowa#local-main-organization-logo\",\"url\":\"https:\/\/sialababakwiat.pl\/wp-content\/uploads\/2023\/04\/Sialababakwiat2.png\",\"contentUrl\":\"https:\/\/sialababakwiat.pl\/wp-content\/uploads\/2023\/04\/Sialababakwiat2.png\",\"width\":1589,\"height\":1963,\"caption\":\"Sia\u0142a Baba Kwiat\"}]}<\/script>\n<meta property=\"product:price:amount\" content=\"55.00\" \/>\n<meta property=\"product:price:currency\" content=\"PLN\" \/>\n<meta property=\"og:availability\" content=\"instock\" \/>\n<meta property=\"product:availability\" content=\"instock\" \/>\n<meta property=\"product:condition\" content=\"new\" \/>\n<meta name=\"geo.placename\" content=\"Kwidzyn\" \/>\n<meta name=\"geo.region\" content=\"Polska\" \/>\n<!-- \/ Yoast SEO Premium plugin. -->","yoast_head_json":{"title":"SUIT & TIE \u015bwieca sojowa - Sia\u0142a Baba Kwiat","robots":{"index":"index","follow":"follow","max-snippet":"max-snippet:-1","max-image-preview":"max-image-preview:large","max-video-preview":"max-video-preview:-1"},"canonical":"http:\/\/sialababakwiat.pl\/?product=suit-tie-swieca-sojowa","og_locale":"pl_PL","og_type":"article","og_title":"SUIT & TIE \u015bwieca sojowa","og_description":"SUIT &amp; TIE to zapach zainspirowany weneckimi, ekskluzywnymi atelier krawieckimi. Niezwyk\u0142e po\u0142\u0105czenie drzewa oudowego, nut sk\u00f3rzanch i delikatnej wanilii, kt\u00f3re uzupe\u0142nia zapach s\u0142odkiej trawy wiosennej, ja\u015bminu i pelargonii. Ca\u0142o\u015b\u0107 kompozycji zamyka czarny irys, kt\u00f3ry w spos\u00f3b wyj\u0105tkowy spaja ca\u0142\u0105 kompozycj\u0119. &nbsp; Zapach z serii uniseks, doskonale sprawdza si\u0119 jako codzienny zapach bazowy do eleganckich wn\u0119trz, [&hellip;]","og_url":"http:\/\/sialababakwiat.pl\/?product=suit-tie-swieca-sojowa","og_site_name":"Sia\u0142a Baba Kwiat","article_publisher":"https:\/\/facebook.com\/sialababakwiat","article_modified_time":"2024-11-06T10:01:01+00:00","og_image":[{"width":1707,"height":2560,"url":"https:\/\/sialababakwiat.pl\/wp-content\/uploads\/2023\/01\/IMG_3461-scaled.jpg","type":"image\/jpeg"}],"twitter_card":"summary_large_image","twitter_misc":{"Cena":"55.00&nbsp;&#122;&#322;","Dost\u0119pno\u015b\u0107":"Dost\u0119pny"},"schema":{"@context":"https:\/\/schema.org","@graph":[{"@type":"WebPage","@id":"http:\/\/sialababakwiat.pl\/?product=suit-tie-swieca-sojowa","url":"http:\/\/sialababakwiat.pl\/?product=suit-tie-swieca-sojowa","name":"SUIT & TIE \u015bwieca sojowa - Sia\u0142a Baba Kwiat","isPartOf":{"@id":"https:\/\/sialababakwiat.pl\/#website"},"datePublished":"2023-01-17T13:19:27+00:00","dateModified":"2024-11-06T10:01:01+00:00","breadcrumb":{"@id":"http:\/\/sialababakwiat.pl\/?product=suit-tie-swieca-sojowa#breadcrumb"},"inLanguage":"pl-PL","potentialAction":[{"@type":"ReadAction","target":["http:\/\/sialababakwiat.pl\/?product=suit-tie-swieca-sojowa"]}]},{"@type":"BreadcrumbList","@id":"http:\/\/sialababakwiat.pl\/?product=suit-tie-swieca-sojowa#breadcrumb","itemListElement":[{"@type":"ListItem","position":1,"name":"Home","item":"https:\/\/sialababakwiat.pl\/"},{"@type":"ListItem","position":2,"name":"Produkty","item":"https:\/\/sialababakwiat.pl\/?post_type=product"},{"@type":"ListItem","position":3,"name":"SUIT &#038; TIE \u015bwieca sojowa"}]},{"@type":"WebSite","@id":"https:\/\/sialababakwiat.pl\/#website","url":"https:\/\/sialababakwiat.pl\/","name":"Sia\u0142a Baba Kwiat","description":"Manufaktura i kwiaciarnia w Kwidzynie","publisher":{"@id":"https:\/\/sialababakwiat.pl\/#organization"},"potentialAction":[{"@type":"SearchAction","target":{"@type":"EntryPoint","urlTemplate":"https:\/\/sialababakwiat.pl\/?s={search_term_string}"},"query-input":"required name=search_term_string"}],"inLanguage":"pl-PL"},{"@type":["Organization","Place","Florist"],"@id":"https:\/\/sialababakwiat.pl\/#organization","name":"Sia\u0142a Baba Kwiat","url":"https:\/\/sialababakwiat.pl\/","logo":{"@id":"http:\/\/sialababakwiat.pl\/?product=suit-tie-swieca-sojowa#local-main-organization-logo"},"image":{"@id":"http:\/\/sialababakwiat.pl\/?product=suit-tie-swieca-sojowa#local-main-organization-logo"},"sameAs":["https:\/\/facebook.com\/sialababakwiat","https:\/\/instagram.com\/sialababakwiat"],"address":{"@id":"http:\/\/sialababakwiat.pl\/?product=suit-tie-swieca-sojowa#local-main-place-address"},"telephone":["798 762 282"],"openingHoursSpecification":[{"@type":"OpeningHoursSpecification","dayOfWeek":["Monday","Tuesday","Wednesday","Thursday","Friday","Saturday"],"opens":"10:00","closes":"20:00"},{"@type":"OpeningHoursSpecification","dayOfWeek":["Sunday"],"opens":"10:00","closes":"18:00"}],"email":"sklep@sialababakwiat.pl","priceRange":"$$"},{"@type":"PostalAddress","@id":"http:\/\/sialababakwiat.pl\/?product=suit-tie-swieca-sojowa#local-main-place-address","streetAddress":"15 Sierpnia 14B","addressLocality":"Kwidzyn","postalCode":"82-500","addressRegion":"Pomorskie","addressCountry":"PL"},{"@type":"ImageObject","inLanguage":"pl-PL","@id":"http:\/\/sialababakwiat.pl\/?product=suit-tie-swieca-sojowa#local-main-organization-logo","url":"https:\/\/sialababakwiat.pl\/wp-content\/uploads\/2023\/04\/Sialababakwiat2.png","contentUrl":"https:\/\/sialababakwiat.pl\/wp-content\/uploads\/2023\/04\/Sialababakwiat2.png","width":1589,"height":1963,"caption":"Sia\u0142a Baba Kwiat"}]},"product_price_amount":"55.00","product_price_currency":"PLN","og_availability":"instock","product_availability":"instock","product_condition":"new","geo.placename":"Kwidzyn","geo.region":"Polska"},"_links":{"self":[{"href":"https:\/\/sialababakwiat.pl\/index.php?rest_route=\/wp\/v2\/product\/149","targetHints":{"allow":["GET"]}}],"collection":[{"href":"https:\/\/sialababakwiat.pl\/index.php?rest_route=\/wp\/v2\/product"}],"about":[{"href":"https:\/\/sialababakwiat.pl\/index.php?rest_route=\/wp\/v2\/types\/product"}],"replies":[{"embeddable":true,"href":"https:\/\/sialababakwiat.pl\/index.php?rest_route=%2Fwp%2Fv2%2Fcomments&post=149"}],"wp:featuredmedia":[{"embeddable":true,"href":"https:\/\/sialababakwiat.pl\/index.php?rest_route=\/wp\/v2\/media\/800"}],"wp:attachment":[{"href":"https:\/\/sialababakwiat.pl\/index.php?rest_route=%2Fwp%2Fv2%2Fmedia&parent=149"}],"wp:term":[{"taxonomy":"product_brand","embeddable":true,"href":"https:\/\/sialababakwiat.pl\/index.php?rest_route=%2Fwp%2Fv2%2Fproduct_brand&post=149"},{"taxonomy":"product_cat","embeddable":true,"href":"https:\/\/sialababakwiat.pl\/index.php?rest_route=%2Fwp%2Fv2%2Fproduct_cat&post=149"},{"taxonomy":"product_tag","embeddable":true,"href":"https:\/\/sialababakwiat.pl\/index.php?rest_route=%2Fwp%2Fv2%2Fproduct_tag&post=149"}],"curies":[{"name":"wp","href":"https:\/\/api.w.org\/{rel}","templated":true}]}}