{"id":775,"date":"2024-11-04T16:39:03","date_gmt":"2024-11-04T15:39:03","guid":{"rendered":"https:\/\/sialababakwiat.pl\/?post_type=product&#038;p=775"},"modified":"2024-11-04T16:42:16","modified_gmt":"2024-11-04T15:42:16","slug":"warm-patchouli-swieca-sojowa-2","status":"publish","type":"product","link":"https:\/\/sialababakwiat.pl\/?product=warm-patchouli-swieca-sojowa-2","title":{"rendered":"WARM PATCHOULI \u015aWIECA SOJOWA"},"content":{"rendered":"<p>Odkryj g\u0142\u0119boki, ziemisty aromat \u015bwiecy <em>Warm Patchouli<\/em>, kt\u00f3ra przenosi w \u015bwiat zmys\u0142owego ciep\u0142a i subtelnej elegancji. Kompozycja tej naturalnej \u015bwiecy opiera si\u0119 na esencji paczuli, znanej ze swojego bogatego, drzewnego zapachu z korzennymi tonami. Zapach jest wzbogacony aksamitn\u0105 s\u0142odycz\u0105 fasoli tonka, kt\u00f3ra nadaje mu przytulnego i otulaj\u0105cego charakteru, oraz wyrafinowan\u0105 nut\u0105 wetywerii, wprowadzaj\u0105c\u0105 lekki, zielono-dymny akcent.<\/p>\n<p>Stworzona z my\u015bl\u0105 o d\u0142ugich, spokojnych wieczorach, \u015bwieca <em>Warm Patchouli<\/em> tworzy atmosfer\u0119 pe\u0142n\u0105 g\u0142\u0119bi i spokoju, idealn\u0105 do wyciszenia si\u0119 po intensywnym dniu. Naturalny wosk zapewnia czyste, r\u00f3wnomierne spalanie, dzi\u0119ki czemu zapach mo\u017ce subtelnie wype\u0142nia\u0107 ca\u0142e pomieszczenie przez wiele godzin. To doskona\u0142y wyb\u00f3r dla mi\u0142o\u015bnik\u00f3w wyrazistych, ziemistych aromat\u00f3w, kt\u00f3rzy ceni\u0105 sobie ciep\u0142o, elegancj\u0119 i harmoni\u0119 w domowej przestrzeni.<\/p>\n","protected":false},"excerpt":{"rendered":"<p>Odkryj g\u0142\u0119boki, ziemisty aromat \u015bwiecy Warm Patchouli, kt\u00f3ra przenosi w \u015bwiat zmys\u0142owego ciep\u0142a i subtelnej elegancji. Kompozycja tej naturalnej \u015bwiecy opiera si\u0119 na esencji paczuli, znanej ze swojego bogatego, drzewnego zapachu z korzennymi tonami. Zapach jest wzbogacony aksamitn\u0105 s\u0142odycz\u0105 fasoli tonka, kt\u00f3ra nadaje mu przytulnego i otulaj\u0105cego charakteru, oraz wyrafinowan\u0105 nut\u0105 wetywerii, wprowadzaj\u0105c\u0105 lekki, zielono-dymny [&hellip;]<\/p>\n","protected":false},"featured_media":777,"comment_status":"open","ping_status":"closed","template":"","meta":{"_eb_attr":"","om_disable_all_campaigns":false,"_monsterinsights_skip_tracking":false,"_monsterinsights_sitenote_active":false,"_monsterinsights_sitenote_note":"","_monsterinsights_sitenote_category":0,"_themeisle_gutenberg_block_has_review":false},"product_brand":[],"product_cat":[21],"product_tag":[],"class_list":{"0":"post-775","1":"product","2":"type-product","3":"status-publish","4":"has-post-thumbnail","6":"product_cat-swiece-sojowe","8":"first","9":"instock","10":"shipping-taxable","11":"purchasable","12":"product-type-simple"},"yoast_head":"<!-- This site is optimized with the Yoast SEO Premium plugin v20.8 (Yoast SEO v20.12) - https:\/\/yoast.com\/wordpress\/plugins\/seo\/ -->\n<title>WARM PATCHOULI \u015aWIECA SOJOWA - Sia\u0142a Baba Kwiat<\/title>\n<meta name=\"description\" content=\"Odkryj g\u0142\u0119boki, ziemisty aromat \u015bwiecy Warm Patchouli, kt\u00f3ra przenosi w \u015bwiat zmys\u0142owego ciep\u0142a i subtelnej elegancji. Kompozycja tej naturalnej \u015bwiecy opiera si\u0119 na esencji paczuli, znanej ze swojego bogatego, drzewnego zapachu z korzennymi tonami. Zapach jest wzbogacony aksamitn\u0105 s\u0142odycz\u0105 fasoli tonka, kt\u00f3ra nadaje mu przytulnego i otulaj\u0105cego charakteru, oraz wyrafinowan\u0105 nut\u0105 wetywerii, wprowadzaj\u0105c\u0105 lekki, zielono-dymny akcent.\" \/>\n<meta name=\"robots\" content=\"index, follow, max-snippet:-1, max-image-preview:large, max-video-preview:-1\" \/>\n<link rel=\"canonical\" href=\"https:\/\/sialababakwiat.pl\/?product=warm-patchouli-swieca-sojowa-2\" \/>\n<meta property=\"og:locale\" content=\"pl_PL\" \/>\n<meta property=\"og:type\" content=\"article\" \/>\n<meta property=\"og:title\" content=\"WARM PATCHOULI \u015aWIECA SOJOWA\" \/>\n<meta property=\"og:description\" content=\"Odkryj g\u0142\u0119boki, ziemisty aromat \u015bwiecy Warm Patchouli, kt\u00f3ra przenosi w \u015bwiat zmys\u0142owego ciep\u0142a i subtelnej elegancji. Kompozycja tej naturalnej \u015bwiecy opiera si\u0119 na esencji paczuli, znanej ze swojego bogatego, drzewnego zapachu z korzennymi tonami. Zapach jest wzbogacony aksamitn\u0105 s\u0142odycz\u0105 fasoli tonka, kt\u00f3ra nadaje mu przytulnego i otulaj\u0105cego charakteru, oraz wyrafinowan\u0105 nut\u0105 wetywerii, wprowadzaj\u0105c\u0105 lekki, zielono-dymny akcent.\" \/>\n<meta property=\"og:url\" content=\"https:\/\/sialababakwiat.pl\/?product=warm-patchouli-swieca-sojowa-2\" \/>\n<meta property=\"og:site_name\" content=\"Sia\u0142a Baba Kwiat\" \/>\n<meta property=\"article:publisher\" content=\"https:\/\/facebook.com\/sialababakwiat\" \/>\n<meta property=\"article:modified_time\" content=\"2024-11-04T15:42:16+00:00\" \/>\n<meta property=\"og:image\" content=\"https:\/\/sialababakwiat.pl\/wp-content\/uploads\/2024\/11\/IMG_2958-scaled.jpg\" \/>\n\t<meta property=\"og:image:width\" content=\"1707\" \/>\n\t<meta property=\"og:image:height\" content=\"2560\" \/>\n\t<meta property=\"og:image:type\" content=\"image\/jpeg\" \/>\n<meta name=\"twitter:card\" content=\"summary_large_image\" \/>\n<meta name=\"twitter:label1\" content=\"Cena\" \/>\n\t<meta name=\"twitter:data1\" content=\"55.00&nbsp;&#122;&#322;\" \/>\n\t<meta name=\"twitter:label2\" content=\"Dost\u0119pno\u015b\u0107\" \/>\n\t<meta name=\"twitter:data2\" content=\"Dost\u0119pny\" \/>\n<script type=\"application\/ld+json\" class=\"yoast-schema-graph\">{\"@context\":\"https:\/\/schema.org\",\"@graph\":[{\"@type\":\"WebPage\",\"@id\":\"https:\/\/sialababakwiat.pl\/?product=warm-patchouli-swieca-sojowa-2\",\"url\":\"https:\/\/sialababakwiat.pl\/?product=warm-patchouli-swieca-sojowa-2\",\"name\":\"WARM PATCHOULI \u015aWIECA SOJOWA - Sia\u0142a Baba Kwiat\",\"isPartOf\":{\"@id\":\"https:\/\/sialababakwiat.pl\/#website\"},\"datePublished\":\"2024-11-04T15:39:03+00:00\",\"dateModified\":\"2024-11-04T15:42:16+00:00\",\"description\":\"Odkryj g\u0142\u0119boki, ziemisty aromat \u015bwiecy Warm Patchouli, kt\u00f3ra przenosi w \u015bwiat zmys\u0142owego ciep\u0142a i subtelnej elegancji. Kompozycja tej naturalnej \u015bwiecy opiera si\u0119 na esencji paczuli, znanej ze swojego bogatego, drzewnego zapachu z korzennymi tonami. Zapach jest wzbogacony aksamitn\u0105 s\u0142odycz\u0105 fasoli tonka, kt\u00f3ra nadaje mu przytulnego i otulaj\u0105cego charakteru, oraz wyrafinowan\u0105 nut\u0105 wetywerii, wprowadzaj\u0105c\u0105 lekki, zielono-dymny akcent.\",\"breadcrumb\":{\"@id\":\"https:\/\/sialababakwiat.pl\/?product=warm-patchouli-swieca-sojowa-2#breadcrumb\"},\"inLanguage\":\"pl-PL\",\"potentialAction\":[{\"@type\":\"ReadAction\",\"target\":[\"https:\/\/sialababakwiat.pl\/?product=warm-patchouli-swieca-sojowa-2\"]}]},{\"@type\":\"BreadcrumbList\",\"@id\":\"https:\/\/sialababakwiat.pl\/?product=warm-patchouli-swieca-sojowa-2#breadcrumb\",\"itemListElement\":[{\"@type\":\"ListItem\",\"position\":1,\"name\":\"Home\",\"item\":\"https:\/\/sialababakwiat.pl\/\"},{\"@type\":\"ListItem\",\"position\":2,\"name\":\"Produkty\",\"item\":\"https:\/\/sialababakwiat.pl\/?post_type=product\"},{\"@type\":\"ListItem\",\"position\":3,\"name\":\"WARM PATCHOULI \u015aWIECA SOJOWA\"}]},{\"@type\":\"WebSite\",\"@id\":\"https:\/\/sialababakwiat.pl\/#website\",\"url\":\"https:\/\/sialababakwiat.pl\/\",\"name\":\"Sia\u0142a Baba Kwiat\",\"description\":\"Manufaktura i kwiaciarnia w Kwidzynie\",\"publisher\":{\"@id\":\"https:\/\/sialababakwiat.pl\/#organization\"},\"potentialAction\":[{\"@type\":\"SearchAction\",\"target\":{\"@type\":\"EntryPoint\",\"urlTemplate\":\"https:\/\/sialababakwiat.pl\/?s={search_term_string}\"},\"query-input\":\"required name=search_term_string\"}],\"inLanguage\":\"pl-PL\"},{\"@type\":[\"Organization\",\"Place\",\"Florist\"],\"@id\":\"https:\/\/sialababakwiat.pl\/#organization\",\"name\":\"Sia\u0142a Baba Kwiat\",\"url\":\"https:\/\/sialababakwiat.pl\/\",\"logo\":{\"@id\":\"https:\/\/sialababakwiat.pl\/?product=warm-patchouli-swieca-sojowa-2#local-main-organization-logo\"},\"image\":{\"@id\":\"https:\/\/sialababakwiat.pl\/?product=warm-patchouli-swieca-sojowa-2#local-main-organization-logo\"},\"sameAs\":[\"https:\/\/facebook.com\/sialababakwiat\",\"https:\/\/instagram.com\/sialababakwiat\"],\"address\":{\"@id\":\"https:\/\/sialababakwiat.pl\/?product=warm-patchouli-swieca-sojowa-2#local-main-place-address\"},\"telephone\":[\"798 762 282\"],\"openingHoursSpecification\":[{\"@type\":\"OpeningHoursSpecification\",\"dayOfWeek\":[\"Monday\",\"Tuesday\",\"Wednesday\",\"Thursday\",\"Friday\",\"Saturday\"],\"opens\":\"10:00\",\"closes\":\"20:00\"},{\"@type\":\"OpeningHoursSpecification\",\"dayOfWeek\":[\"Sunday\"],\"opens\":\"10:00\",\"closes\":\"18:00\"}],\"email\":\"sklep@sialababakwiat.pl\",\"priceRange\":\"$$\"},{\"@type\":\"PostalAddress\",\"@id\":\"https:\/\/sialababakwiat.pl\/?product=warm-patchouli-swieca-sojowa-2#local-main-place-address\",\"streetAddress\":\"15 Sierpnia 14B\",\"addressLocality\":\"Kwidzyn\",\"postalCode\":\"82-500\",\"addressRegion\":\"Pomorskie\",\"addressCountry\":\"PL\"},{\"@type\":\"ImageObject\",\"inLanguage\":\"pl-PL\",\"@id\":\"https:\/\/sialababakwiat.pl\/?product=warm-patchouli-swieca-sojowa-2#local-main-organization-logo\",\"url\":\"https:\/\/sialababakwiat.pl\/wp-content\/uploads\/2023\/04\/Sialababakwiat2.png\",\"contentUrl\":\"https:\/\/sialababakwiat.pl\/wp-content\/uploads\/2023\/04\/Sialababakwiat2.png\",\"width\":1589,\"height\":1963,\"caption\":\"Sia\u0142a Baba Kwiat\"}]}<\/script>\n<meta property=\"product:price:amount\" content=\"55.00\" \/>\n<meta property=\"product:price:currency\" content=\"PLN\" \/>\n<meta property=\"og:availability\" content=\"instock\" \/>\n<meta property=\"product:availability\" content=\"instock\" \/>\n<meta property=\"product:condition\" content=\"new\" \/>\n<meta name=\"geo.placename\" content=\"Kwidzyn\" \/>\n<meta name=\"geo.region\" content=\"Polska\" \/>\n<!-- \/ Yoast SEO Premium plugin. -->","yoast_head_json":{"title":"WARM PATCHOULI \u015aWIECA SOJOWA - Sia\u0142a Baba Kwiat","description":"Odkryj g\u0142\u0119boki, ziemisty aromat \u015bwiecy Warm Patchouli, kt\u00f3ra przenosi w \u015bwiat zmys\u0142owego ciep\u0142a i subtelnej elegancji. Kompozycja tej naturalnej \u015bwiecy opiera si\u0119 na esencji paczuli, znanej ze swojego bogatego, drzewnego zapachu z korzennymi tonami. Zapach jest wzbogacony aksamitn\u0105 s\u0142odycz\u0105 fasoli tonka, kt\u00f3ra nadaje mu przytulnego i otulaj\u0105cego charakteru, oraz wyrafinowan\u0105 nut\u0105 wetywerii, wprowadzaj\u0105c\u0105 lekki, zielono-dymny akcent.","robots":{"index":"index","follow":"follow","max-snippet":"max-snippet:-1","max-image-preview":"max-image-preview:large","max-video-preview":"max-video-preview:-1"},"canonical":"https:\/\/sialababakwiat.pl\/?product=warm-patchouli-swieca-sojowa-2","og_locale":"pl_PL","og_type":"article","og_title":"WARM PATCHOULI \u015aWIECA SOJOWA","og_description":"Odkryj g\u0142\u0119boki, ziemisty aromat \u015bwiecy Warm Patchouli, kt\u00f3ra przenosi w \u015bwiat zmys\u0142owego ciep\u0142a i subtelnej elegancji. Kompozycja tej naturalnej \u015bwiecy opiera si\u0119 na esencji paczuli, znanej ze swojego bogatego, drzewnego zapachu z korzennymi tonami. Zapach jest wzbogacony aksamitn\u0105 s\u0142odycz\u0105 fasoli tonka, kt\u00f3ra nadaje mu przytulnego i otulaj\u0105cego charakteru, oraz wyrafinowan\u0105 nut\u0105 wetywerii, wprowadzaj\u0105c\u0105 lekki, zielono-dymny akcent.","og_url":"https:\/\/sialababakwiat.pl\/?product=warm-patchouli-swieca-sojowa-2","og_site_name":"Sia\u0142a Baba Kwiat","article_publisher":"https:\/\/facebook.com\/sialababakwiat","article_modified_time":"2024-11-04T15:42:16+00:00","og_image":[{"width":1707,"height":2560,"url":"https:\/\/sialababakwiat.pl\/wp-content\/uploads\/2024\/11\/IMG_2958-scaled.jpg","type":"image\/jpeg"}],"twitter_card":"summary_large_image","twitter_misc":{"Cena":"55.00&nbsp;&#122;&#322;","Dost\u0119pno\u015b\u0107":"Dost\u0119pny"},"schema":{"@context":"https:\/\/schema.org","@graph":[{"@type":"WebPage","@id":"https:\/\/sialababakwiat.pl\/?product=warm-patchouli-swieca-sojowa-2","url":"https:\/\/sialababakwiat.pl\/?product=warm-patchouli-swieca-sojowa-2","name":"WARM PATCHOULI \u015aWIECA SOJOWA - Sia\u0142a Baba Kwiat","isPartOf":{"@id":"https:\/\/sialababakwiat.pl\/#website"},"datePublished":"2024-11-04T15:39:03+00:00","dateModified":"2024-11-04T15:42:16+00:00","description":"Odkryj g\u0142\u0119boki, ziemisty aromat \u015bwiecy Warm Patchouli, kt\u00f3ra przenosi w \u015bwiat zmys\u0142owego ciep\u0142a i subtelnej elegancji. Kompozycja tej naturalnej \u015bwiecy opiera si\u0119 na esencji paczuli, znanej ze swojego bogatego, drzewnego zapachu z korzennymi tonami. Zapach jest wzbogacony aksamitn\u0105 s\u0142odycz\u0105 fasoli tonka, kt\u00f3ra nadaje mu przytulnego i otulaj\u0105cego charakteru, oraz wyrafinowan\u0105 nut\u0105 wetywerii, wprowadzaj\u0105c\u0105 lekki, zielono-dymny akcent.","breadcrumb":{"@id":"https:\/\/sialababakwiat.pl\/?product=warm-patchouli-swieca-sojowa-2#breadcrumb"},"inLanguage":"pl-PL","potentialAction":[{"@type":"ReadAction","target":["https:\/\/sialababakwiat.pl\/?product=warm-patchouli-swieca-sojowa-2"]}]},{"@type":"BreadcrumbList","@id":"https:\/\/sialababakwiat.pl\/?product=warm-patchouli-swieca-sojowa-2#breadcrumb","itemListElement":[{"@type":"ListItem","position":1,"name":"Home","item":"https:\/\/sialababakwiat.pl\/"},{"@type":"ListItem","position":2,"name":"Produkty","item":"https:\/\/sialababakwiat.pl\/?post_type=product"},{"@type":"ListItem","position":3,"name":"WARM PATCHOULI \u015aWIECA SOJOWA"}]},{"@type":"WebSite","@id":"https:\/\/sialababakwiat.pl\/#website","url":"https:\/\/sialababakwiat.pl\/","name":"Sia\u0142a Baba Kwiat","description":"Manufaktura i kwiaciarnia w Kwidzynie","publisher":{"@id":"https:\/\/sialababakwiat.pl\/#organization"},"potentialAction":[{"@type":"SearchAction","target":{"@type":"EntryPoint","urlTemplate":"https:\/\/sialababakwiat.pl\/?s={search_term_string}"},"query-input":"required name=search_term_string"}],"inLanguage":"pl-PL"},{"@type":["Organization","Place","Florist"],"@id":"https:\/\/sialababakwiat.pl\/#organization","name":"Sia\u0142a Baba Kwiat","url":"https:\/\/sialababakwiat.pl\/","logo":{"@id":"https:\/\/sialababakwiat.pl\/?product=warm-patchouli-swieca-sojowa-2#local-main-organization-logo"},"image":{"@id":"https:\/\/sialababakwiat.pl\/?product=warm-patchouli-swieca-sojowa-2#local-main-organization-logo"},"sameAs":["https:\/\/facebook.com\/sialababakwiat","https:\/\/instagram.com\/sialababakwiat"],"address":{"@id":"https:\/\/sialababakwiat.pl\/?product=warm-patchouli-swieca-sojowa-2#local-main-place-address"},"telephone":["798 762 282"],"openingHoursSpecification":[{"@type":"OpeningHoursSpecification","dayOfWeek":["Monday","Tuesday","Wednesday","Thursday","Friday","Saturday"],"opens":"10:00","closes":"20:00"},{"@type":"OpeningHoursSpecification","dayOfWeek":["Sunday"],"opens":"10:00","closes":"18:00"}],"email":"sklep@sialababakwiat.pl","priceRange":"$$"},{"@type":"PostalAddress","@id":"https:\/\/sialababakwiat.pl\/?product=warm-patchouli-swieca-sojowa-2#local-main-place-address","streetAddress":"15 Sierpnia 14B","addressLocality":"Kwidzyn","postalCode":"82-500","addressRegion":"Pomorskie","addressCountry":"PL"},{"@type":"ImageObject","inLanguage":"pl-PL","@id":"https:\/\/sialababakwiat.pl\/?product=warm-patchouli-swieca-sojowa-2#local-main-organization-logo","url":"https:\/\/sialababakwiat.pl\/wp-content\/uploads\/2023\/04\/Sialababakwiat2.png","contentUrl":"https:\/\/sialababakwiat.pl\/wp-content\/uploads\/2023\/04\/Sialababakwiat2.png","width":1589,"height":1963,"caption":"Sia\u0142a Baba Kwiat"}]},"product_price_amount":"55.00","product_price_currency":"PLN","og_availability":"instock","product_availability":"instock","product_condition":"new","geo.placename":"Kwidzyn","geo.region":"Polska"},"_links":{"self":[{"href":"https:\/\/sialababakwiat.pl\/index.php?rest_route=\/wp\/v2\/product\/775","targetHints":{"allow":["GET"]}}],"collection":[{"href":"https:\/\/sialababakwiat.pl\/index.php?rest_route=\/wp\/v2\/product"}],"about":[{"href":"https:\/\/sialababakwiat.pl\/index.php?rest_route=\/wp\/v2\/types\/product"}],"replies":[{"embeddable":true,"href":"https:\/\/sialababakwiat.pl\/index.php?rest_route=%2Fwp%2Fv2%2Fcomments&post=775"}],"wp:featuredmedia":[{"embeddable":true,"href":"https:\/\/sialababakwiat.pl\/index.php?rest_route=\/wp\/v2\/media\/777"}],"wp:attachment":[{"href":"https:\/\/sialababakwiat.pl\/index.php?rest_route=%2Fwp%2Fv2%2Fmedia&parent=775"}],"wp:term":[{"taxonomy":"product_brand","embeddable":true,"href":"https:\/\/sialababakwiat.pl\/index.php?rest_route=%2Fwp%2Fv2%2Fproduct_brand&post=775"},{"taxonomy":"product_cat","embeddable":true,"href":"https:\/\/sialababakwiat.pl\/index.php?rest_route=%2Fwp%2Fv2%2Fproduct_cat&post=775"},{"taxonomy":"product_tag","embeddable":true,"href":"https:\/\/sialababakwiat.pl\/index.php?rest_route=%2Fwp%2Fv2%2Fproduct_tag&post=775"}],"curies":[{"name":"wp","href":"https:\/\/api.w.org\/{rel}","templated":true}]}}