{"id":778,"date":"2024-11-04T16:42:53","date_gmt":"2024-11-04T15:42:53","guid":{"rendered":"https:\/\/sialababakwiat.pl\/?post_type=product&#038;p=778"},"modified":"2024-11-04T16:45:47","modified_gmt":"2024-11-04T15:45:47","slug":"palo-santo-spray-zapachowy","status":"publish","type":"product","link":"https:\/\/sialababakwiat.pl\/?product=palo-santo-spray-zapachowy","title":{"rendered":"PALO SANTO SPRAY ZAPACHOWY"},"content":{"rendered":"<p>&nbsp;<\/p>\n<p>Stw\u00f3rz atmosfer\u0119 relaksu i harmonii w swoim domu dzi\u0119ki sprayowi zapachowemu *Palo Santo*, \u0142\u0105cz\u0105cemu nuty palonego drewna z subteln\u0105 s\u0142odycz\u0105 fasoli tonka. Inspirowany rytua\u0142ami oczyszczaj\u0105cymi, spray *Palo Santo* przenosi mistyczny, drzewny aromat prosto do Twojego wn\u0119trza, otaczaj\u0105c je koj\u0105cym zapachem z lekkim, dymnym akcentem. Dodatek tonki nadaje ca\u0142o\u015bci delikatnej s\u0142odyczy, kt\u00f3ra idealnie r\u00f3wnowa\u017cy intensywno\u015b\u0107 i g\u0142\u0119bi\u0119 drewna.<\/p>\n<p>Formu\u0142a sprayu jest bezpieczna do stosowania na tekstyliach, takich jak zas\u0142ony, poduszki czy tapicerka, nie pozostawiaj\u0105c plam ani \u015blad\u00f3w. To doskona\u0142y spos\u00f3b na szybkie od\u015bwie\u017cenie przestrzeni i wprowadzenie spokojnego, naturalnego aromatu sprzyjaj\u0105cego relaksowi i kontemplacji. Spray zapachowy *Palo Santo* pozwoli Ci w ka\u017cdej chwili poczu\u0107 magi\u0119 i ciep\u0142o palonego drewna, zamieniaj\u0105c Twoje wn\u0119trze w oaz\u0119 spokoju i harmonii.<\/p>\n","protected":false},"excerpt":{"rendered":"<p>&nbsp; Stw\u00f3rz atmosfer\u0119 relaksu i harmonii w swoim domu dzi\u0119ki sprayowi zapachowemu *Palo Santo*, \u0142\u0105cz\u0105cemu nuty palonego drewna z subteln\u0105 s\u0142odycz\u0105 fasoli tonka. Inspirowany rytua\u0142ami oczyszczaj\u0105cymi, spray *Palo Santo* przenosi mistyczny, drzewny aromat prosto do Twojego wn\u0119trza, otaczaj\u0105c je koj\u0105cym zapachem z lekkim, dymnym akcentem. Dodatek tonki nadaje ca\u0142o\u015bci delikatnej s\u0142odyczy, kt\u00f3ra idealnie r\u00f3wnowa\u017cy intensywno\u015b\u0107 [&hellip;]<\/p>\n","protected":false},"featured_media":780,"comment_status":"open","ping_status":"closed","template":"","meta":{"_eb_attr":"","om_disable_all_campaigns":false,"_monsterinsights_skip_tracking":false,"_monsterinsights_sitenote_active":false,"_monsterinsights_sitenote_note":"","_monsterinsights_sitenote_category":0,"_themeisle_gutenberg_block_has_review":false},"product_brand":[],"product_cat":[22],"product_tag":[],"class_list":{"0":"post-778","1":"product","2":"type-product","3":"status-publish","4":"has-post-thumbnail","6":"product_cat-spray-zapachowy","8":"first","9":"instock","10":"shipping-taxable","11":"purchasable","12":"product-type-simple"},"yoast_head":"<!-- This site is optimized with the Yoast SEO Premium plugin v20.8 (Yoast SEO v20.12) - https:\/\/yoast.com\/wordpress\/plugins\/seo\/ -->\n<title>PALO SANTO SPRAY ZAPACHOWY - Sia\u0142a Baba Kwiat<\/title>\n<meta name=\"robots\" content=\"index, follow, max-snippet:-1, max-image-preview:large, max-video-preview:-1\" \/>\n<link rel=\"canonical\" href=\"https:\/\/sialababakwiat.pl\/?product=palo-santo-spray-zapachowy\" \/>\n<meta property=\"og:locale\" content=\"pl_PL\" \/>\n<meta property=\"og:type\" content=\"article\" \/>\n<meta property=\"og:title\" content=\"PALO SANTO SPRAY ZAPACHOWY\" \/>\n<meta property=\"og:description\" content=\"&nbsp; Stw\u00f3rz atmosfer\u0119 relaksu i harmonii w swoim domu dzi\u0119ki sprayowi zapachowemu *Palo Santo*, \u0142\u0105cz\u0105cemu nuty palonego drewna z subteln\u0105 s\u0142odycz\u0105 fasoli tonka. Inspirowany rytua\u0142ami oczyszczaj\u0105cymi, spray *Palo Santo* przenosi mistyczny, drzewny aromat prosto do Twojego wn\u0119trza, otaczaj\u0105c je koj\u0105cym zapachem z lekkim, dymnym akcentem. Dodatek tonki nadaje ca\u0142o\u015bci delikatnej s\u0142odyczy, kt\u00f3ra idealnie r\u00f3wnowa\u017cy intensywno\u015b\u0107 [&hellip;]\" \/>\n<meta property=\"og:url\" content=\"https:\/\/sialababakwiat.pl\/?product=palo-santo-spray-zapachowy\" \/>\n<meta property=\"og:site_name\" content=\"Sia\u0142a Baba Kwiat\" \/>\n<meta property=\"article:publisher\" content=\"https:\/\/facebook.com\/sialababakwiat\" \/>\n<meta property=\"article:modified_time\" content=\"2024-11-04T15:45:47+00:00\" \/>\n<meta property=\"og:image\" content=\"https:\/\/sialababakwiat.pl\/wp-content\/uploads\/2024\/11\/IMG_3029-scaled.jpg\" \/>\n\t<meta property=\"og:image:width\" content=\"1707\" \/>\n\t<meta property=\"og:image:height\" content=\"2560\" \/>\n\t<meta property=\"og:image:type\" content=\"image\/jpeg\" \/>\n<meta name=\"twitter:card\" content=\"summary_large_image\" \/>\n<meta name=\"twitter:label1\" content=\"Cena\" \/>\n\t<meta name=\"twitter:data1\" content=\"60.00&nbsp;&#122;&#322;\" \/>\n\t<meta name=\"twitter:label2\" content=\"Dost\u0119pno\u015b\u0107\" \/>\n\t<meta name=\"twitter:data2\" content=\"Dost\u0119pny\" \/>\n<script type=\"application\/ld+json\" class=\"yoast-schema-graph\">{\"@context\":\"https:\/\/schema.org\",\"@graph\":[{\"@type\":\"WebPage\",\"@id\":\"https:\/\/sialababakwiat.pl\/?product=palo-santo-spray-zapachowy\",\"url\":\"https:\/\/sialababakwiat.pl\/?product=palo-santo-spray-zapachowy\",\"name\":\"PALO SANTO SPRAY ZAPACHOWY - Sia\u0142a Baba Kwiat\",\"isPartOf\":{\"@id\":\"https:\/\/sialababakwiat.pl\/#website\"},\"datePublished\":\"2024-11-04T15:42:53+00:00\",\"dateModified\":\"2024-11-04T15:45:47+00:00\",\"breadcrumb\":{\"@id\":\"https:\/\/sialababakwiat.pl\/?product=palo-santo-spray-zapachowy#breadcrumb\"},\"inLanguage\":\"pl-PL\",\"potentialAction\":[{\"@type\":\"ReadAction\",\"target\":[\"https:\/\/sialababakwiat.pl\/?product=palo-santo-spray-zapachowy\"]}]},{\"@type\":\"BreadcrumbList\",\"@id\":\"https:\/\/sialababakwiat.pl\/?product=palo-santo-spray-zapachowy#breadcrumb\",\"itemListElement\":[{\"@type\":\"ListItem\",\"position\":1,\"name\":\"Home\",\"item\":\"https:\/\/sialababakwiat.pl\/\"},{\"@type\":\"ListItem\",\"position\":2,\"name\":\"Produkty\",\"item\":\"https:\/\/sialababakwiat.pl\/?post_type=product\"},{\"@type\":\"ListItem\",\"position\":3,\"name\":\"PALO SANTO SPRAY ZAPACHOWY\"}]},{\"@type\":\"WebSite\",\"@id\":\"https:\/\/sialababakwiat.pl\/#website\",\"url\":\"https:\/\/sialababakwiat.pl\/\",\"name\":\"Sia\u0142a Baba Kwiat\",\"description\":\"Manufaktura i kwiaciarnia w Kwidzynie\",\"publisher\":{\"@id\":\"https:\/\/sialababakwiat.pl\/#organization\"},\"potentialAction\":[{\"@type\":\"SearchAction\",\"target\":{\"@type\":\"EntryPoint\",\"urlTemplate\":\"https:\/\/sialababakwiat.pl\/?s={search_term_string}\"},\"query-input\":\"required name=search_term_string\"}],\"inLanguage\":\"pl-PL\"},{\"@type\":[\"Organization\",\"Place\",\"Florist\"],\"@id\":\"https:\/\/sialababakwiat.pl\/#organization\",\"name\":\"Sia\u0142a Baba Kwiat\",\"url\":\"https:\/\/sialababakwiat.pl\/\",\"logo\":{\"@id\":\"https:\/\/sialababakwiat.pl\/?product=palo-santo-spray-zapachowy#local-main-organization-logo\"},\"image\":{\"@id\":\"https:\/\/sialababakwiat.pl\/?product=palo-santo-spray-zapachowy#local-main-organization-logo\"},\"sameAs\":[\"https:\/\/facebook.com\/sialababakwiat\",\"https:\/\/instagram.com\/sialababakwiat\"],\"address\":{\"@id\":\"https:\/\/sialababakwiat.pl\/?product=palo-santo-spray-zapachowy#local-main-place-address\"},\"telephone\":[\"798 762 282\"],\"openingHoursSpecification\":[{\"@type\":\"OpeningHoursSpecification\",\"dayOfWeek\":[\"Monday\",\"Tuesday\",\"Wednesday\",\"Thursday\",\"Friday\",\"Saturday\"],\"opens\":\"10:00\",\"closes\":\"20:00\"},{\"@type\":\"OpeningHoursSpecification\",\"dayOfWeek\":[\"Sunday\"],\"opens\":\"10:00\",\"closes\":\"18:00\"}],\"email\":\"sklep@sialababakwiat.pl\",\"priceRange\":\"$$\"},{\"@type\":\"PostalAddress\",\"@id\":\"https:\/\/sialababakwiat.pl\/?product=palo-santo-spray-zapachowy#local-main-place-address\",\"streetAddress\":\"15 Sierpnia 14B\",\"addressLocality\":\"Kwidzyn\",\"postalCode\":\"82-500\",\"addressRegion\":\"Pomorskie\",\"addressCountry\":\"PL\"},{\"@type\":\"ImageObject\",\"inLanguage\":\"pl-PL\",\"@id\":\"https:\/\/sialababakwiat.pl\/?product=palo-santo-spray-zapachowy#local-main-organization-logo\",\"url\":\"https:\/\/sialababakwiat.pl\/wp-content\/uploads\/2023\/04\/Sialababakwiat2.png\",\"contentUrl\":\"https:\/\/sialababakwiat.pl\/wp-content\/uploads\/2023\/04\/Sialababakwiat2.png\",\"width\":1589,\"height\":1963,\"caption\":\"Sia\u0142a Baba Kwiat\"}]}<\/script>\n<meta property=\"product:price:amount\" content=\"60.00\" \/>\n<meta property=\"product:price:currency\" content=\"PLN\" \/>\n<meta property=\"og:availability\" content=\"instock\" \/>\n<meta property=\"product:availability\" content=\"instock\" \/>\n<meta property=\"product:condition\" content=\"new\" \/>\n<meta name=\"geo.placename\" content=\"Kwidzyn\" \/>\n<meta name=\"geo.region\" content=\"Polska\" \/>\n<!-- \/ Yoast SEO Premium plugin. -->","yoast_head_json":{"title":"PALO SANTO SPRAY ZAPACHOWY - Sia\u0142a Baba Kwiat","robots":{"index":"index","follow":"follow","max-snippet":"max-snippet:-1","max-image-preview":"max-image-preview:large","max-video-preview":"max-video-preview:-1"},"canonical":"https:\/\/sialababakwiat.pl\/?product=palo-santo-spray-zapachowy","og_locale":"pl_PL","og_type":"article","og_title":"PALO SANTO SPRAY ZAPACHOWY","og_description":"&nbsp; Stw\u00f3rz atmosfer\u0119 relaksu i harmonii w swoim domu dzi\u0119ki sprayowi zapachowemu *Palo Santo*, \u0142\u0105cz\u0105cemu nuty palonego drewna z subteln\u0105 s\u0142odycz\u0105 fasoli tonka. Inspirowany rytua\u0142ami oczyszczaj\u0105cymi, spray *Palo Santo* przenosi mistyczny, drzewny aromat prosto do Twojego wn\u0119trza, otaczaj\u0105c je koj\u0105cym zapachem z lekkim, dymnym akcentem. Dodatek tonki nadaje ca\u0142o\u015bci delikatnej s\u0142odyczy, kt\u00f3ra idealnie r\u00f3wnowa\u017cy intensywno\u015b\u0107 [&hellip;]","og_url":"https:\/\/sialababakwiat.pl\/?product=palo-santo-spray-zapachowy","og_site_name":"Sia\u0142a Baba Kwiat","article_publisher":"https:\/\/facebook.com\/sialababakwiat","article_modified_time":"2024-11-04T15:45:47+00:00","og_image":[{"width":1707,"height":2560,"url":"https:\/\/sialababakwiat.pl\/wp-content\/uploads\/2024\/11\/IMG_3029-scaled.jpg","type":"image\/jpeg"}],"twitter_card":"summary_large_image","twitter_misc":{"Cena":"60.00&nbsp;&#122;&#322;","Dost\u0119pno\u015b\u0107":"Dost\u0119pny"},"schema":{"@context":"https:\/\/schema.org","@graph":[{"@type":"WebPage","@id":"https:\/\/sialababakwiat.pl\/?product=palo-santo-spray-zapachowy","url":"https:\/\/sialababakwiat.pl\/?product=palo-santo-spray-zapachowy","name":"PALO SANTO SPRAY ZAPACHOWY - Sia\u0142a Baba Kwiat","isPartOf":{"@id":"https:\/\/sialababakwiat.pl\/#website"},"datePublished":"2024-11-04T15:42:53+00:00","dateModified":"2024-11-04T15:45:47+00:00","breadcrumb":{"@id":"https:\/\/sialababakwiat.pl\/?product=palo-santo-spray-zapachowy#breadcrumb"},"inLanguage":"pl-PL","potentialAction":[{"@type":"ReadAction","target":["https:\/\/sialababakwiat.pl\/?product=palo-santo-spray-zapachowy"]}]},{"@type":"BreadcrumbList","@id":"https:\/\/sialababakwiat.pl\/?product=palo-santo-spray-zapachowy#breadcrumb","itemListElement":[{"@type":"ListItem","position":1,"name":"Home","item":"https:\/\/sialababakwiat.pl\/"},{"@type":"ListItem","position":2,"name":"Produkty","item":"https:\/\/sialababakwiat.pl\/?post_type=product"},{"@type":"ListItem","position":3,"name":"PALO SANTO SPRAY ZAPACHOWY"}]},{"@type":"WebSite","@id":"https:\/\/sialababakwiat.pl\/#website","url":"https:\/\/sialababakwiat.pl\/","name":"Sia\u0142a Baba Kwiat","description":"Manufaktura i kwiaciarnia w Kwidzynie","publisher":{"@id":"https:\/\/sialababakwiat.pl\/#organization"},"potentialAction":[{"@type":"SearchAction","target":{"@type":"EntryPoint","urlTemplate":"https:\/\/sialababakwiat.pl\/?s={search_term_string}"},"query-input":"required name=search_term_string"}],"inLanguage":"pl-PL"},{"@type":["Organization","Place","Florist"],"@id":"https:\/\/sialababakwiat.pl\/#organization","name":"Sia\u0142a Baba Kwiat","url":"https:\/\/sialababakwiat.pl\/","logo":{"@id":"https:\/\/sialababakwiat.pl\/?product=palo-santo-spray-zapachowy#local-main-organization-logo"},"image":{"@id":"https:\/\/sialababakwiat.pl\/?product=palo-santo-spray-zapachowy#local-main-organization-logo"},"sameAs":["https:\/\/facebook.com\/sialababakwiat","https:\/\/instagram.com\/sialababakwiat"],"address":{"@id":"https:\/\/sialababakwiat.pl\/?product=palo-santo-spray-zapachowy#local-main-place-address"},"telephone":["798 762 282"],"openingHoursSpecification":[{"@type":"OpeningHoursSpecification","dayOfWeek":["Monday","Tuesday","Wednesday","Thursday","Friday","Saturday"],"opens":"10:00","closes":"20:00"},{"@type":"OpeningHoursSpecification","dayOfWeek":["Sunday"],"opens":"10:00","closes":"18:00"}],"email":"sklep@sialababakwiat.pl","priceRange":"$$"},{"@type":"PostalAddress","@id":"https:\/\/sialababakwiat.pl\/?product=palo-santo-spray-zapachowy#local-main-place-address","streetAddress":"15 Sierpnia 14B","addressLocality":"Kwidzyn","postalCode":"82-500","addressRegion":"Pomorskie","addressCountry":"PL"},{"@type":"ImageObject","inLanguage":"pl-PL","@id":"https:\/\/sialababakwiat.pl\/?product=palo-santo-spray-zapachowy#local-main-organization-logo","url":"https:\/\/sialababakwiat.pl\/wp-content\/uploads\/2023\/04\/Sialababakwiat2.png","contentUrl":"https:\/\/sialababakwiat.pl\/wp-content\/uploads\/2023\/04\/Sialababakwiat2.png","width":1589,"height":1963,"caption":"Sia\u0142a Baba Kwiat"}]},"product_price_amount":"60.00","product_price_currency":"PLN","og_availability":"instock","product_availability":"instock","product_condition":"new","geo.placename":"Kwidzyn","geo.region":"Polska"},"_links":{"self":[{"href":"https:\/\/sialababakwiat.pl\/index.php?rest_route=\/wp\/v2\/product\/778","targetHints":{"allow":["GET"]}}],"collection":[{"href":"https:\/\/sialababakwiat.pl\/index.php?rest_route=\/wp\/v2\/product"}],"about":[{"href":"https:\/\/sialababakwiat.pl\/index.php?rest_route=\/wp\/v2\/types\/product"}],"replies":[{"embeddable":true,"href":"https:\/\/sialababakwiat.pl\/index.php?rest_route=%2Fwp%2Fv2%2Fcomments&post=778"}],"wp:featuredmedia":[{"embeddable":true,"href":"https:\/\/sialababakwiat.pl\/index.php?rest_route=\/wp\/v2\/media\/780"}],"wp:attachment":[{"href":"https:\/\/sialababakwiat.pl\/index.php?rest_route=%2Fwp%2Fv2%2Fmedia&parent=778"}],"wp:term":[{"taxonomy":"product_brand","embeddable":true,"href":"https:\/\/sialababakwiat.pl\/index.php?rest_route=%2Fwp%2Fv2%2Fproduct_brand&post=778"},{"taxonomy":"product_cat","embeddable":true,"href":"https:\/\/sialababakwiat.pl\/index.php?rest_route=%2Fwp%2Fv2%2Fproduct_cat&post=778"},{"taxonomy":"product_tag","embeddable":true,"href":"https:\/\/sialababakwiat.pl\/index.php?rest_route=%2Fwp%2Fv2%2Fproduct_tag&post=778"}],"curies":[{"name":"wp","href":"https:\/\/api.w.org\/{rel}","templated":true}]}}